{"id":1048,"date":"2021-02-09T16:06:21","date_gmt":"2021-02-09T19:06:21","guid":{"rendered":"https:\/\/youtrading.com\/pt\/ead\/?page_id=1048"},"modified":"2021-02-09T17:30:05","modified_gmt":"2021-02-09T20:30:05","slug":"login","status":"publish","type":"page","link":"https:\/\/youtrading.com\/pt\/ead\/login\/","title":{"rendered":"Login"},"content":{"rendered":"\t\t<div data-elementor-type=\"wp-page\" data-elementor-id=\"1048\" class=\"elementor elementor-1048\" data-elementor-post-type=\"page\">\n\t\t\t\t\t\t<div class=\"elementor-inner\">\n\t\t\t\t<div class=\"elementor-section-wrap\">\n\t\t\t\t\t\t\t\t\t<section class=\"elementor-section elementor-top-section elementor-element elementor-element-a9d5dff elementor-section-height-full elementor-section-boxed elementor-section-height-default elementor-section-items-middle\" data-id=\"a9d5dff\" data-element_type=\"section\" data-settings=\"{&quot;background_background&quot;:&quot;classic&quot;}\">\n\t\t\t\t\t\t<div class=\"elementor-container elementor-column-gap-wide\">\n\t\t\t\t\t\t\t<div class=\"elementor-row\">\n\t\t\t\t\t<div class=\"elementor-column elementor-col-100 elementor-top-column elementor-element elementor-element-4ada9ea\" data-id=\"4ada9ea\" data-element_type=\"column\">\n\t\t\t<div class=\"elementor-column-wrap elementor-element-populated\">\n\t\t\t\t\t\t\t<div class=\"elementor-widget-wrap\">\n\t\t\t\t\t\t<div class=\"elementor-element elementor-element-7b74357 elementor-widget elementor-widget-image\" data-id=\"7b74357\" data-element_type=\"widget\" data-widget_type=\"image.default\">\n\t\t\t\t<div class=\"elementor-widget-container\">\n\t\t\t\t\t\t\t\t<div class=\"elementor-image\">\n\t\t\t\t\t\t\t\t\t\t\t\t<img decoding=\"async\" width=\"800\" height=\"97\" src=\"https:\/\/youtrading.com\/pt\/ead\/wp-content\/uploads\/2021\/02\/logo-academy-min.png\" class=\"attachment-large size-large wp-image-1020\" alt=\"\" srcset=\"https:\/\/youtrading.com\/pt\/ead\/wp-content\/uploads\/2021\/02\/logo-academy-min.png 954w, https:\/\/youtrading.com\/pt\/ead\/wp-content\/uploads\/2021\/02\/logo-academy-min-300x36.png 300w, https:\/\/youtrading.com\/pt\/ead\/wp-content\/uploads\/2021\/02\/logo-academy-min-768x93.png 768w\" sizes=\"(max-width: 800px) 100vw, 800px\" \/>\t\t\t\t\t\t\t\t\t\t\t\t\t\t<\/div>\n\t\t\t\t\t\t<\/div>\n\t\t\t\t<\/div>\n\t\t\t\t<section class=\"elementor-section elementor-inner-section elementor-element elementor-element-680e411 elementor-section-boxed elementor-section-height-default elementor-section-height-default\" data-id=\"680e411\" data-element_type=\"section\">\n\t\t\t\t\t\t<div class=\"elementor-container elementor-column-gap-default\">\n\t\t\t\t\t\t\t<div class=\"elementor-row\">\n\t\t\t\t\t<div class=\"elementor-column elementor-col-50 elementor-inner-column elementor-element elementor-element-f1ecfb5\" data-id=\"f1ecfb5\" data-element_type=\"column\">\n\t\t\t<div class=\"elementor-column-wrap elementor-element-populated\">\n\t\t\t\t\t\t\t<div class=\"elementor-widget-wrap\">\n\t\t\t\t\t\t<div class=\"elementor-element elementor-element-de1602b elementor-widget elementor-widget-heading\" data-id=\"de1602b\" data-element_type=\"widget\" data-widget_type=\"heading.default\">\n\t\t\t\t<div class=\"elementor-widget-container\">\n\t\t\t<h2 class=\"elementor-heading-title elementor-size-default\">Seja bem vindo ao Acesso ao <br><b>YouTrading Academy<\/b><\/h2>\t\t<\/div>\n\t\t\t\t<\/div>\n\t\t\t\t<div class=\"elementor-element elementor-element-7e61b2f elementor-widget elementor-widget-bdt-advanced-divider\" data-id=\"7e61b2f\" data-element_type=\"widget\" data-widget_type=\"bdt-advanced-divider.default\">\n\t\t\t\t<div class=\"elementor-widget-container\">\n\t\t\t        <div class=\"bdt-advanced-divider\" data-settings=\"[]\">\n\n\t\t\t                <img decoding=\"async\" src=\"https:\/\/youtrading.com\/pt\/ead\/wp-content\/plugins\/bdthemes-element-pack\/assets\/images\/divider\/line.svg\" alt=\"advanced divider\" class=\"ep_square\">\n\t\t\t\n        <\/div>\n\n\t\t\t\t<\/div>\n\t\t\t\t<\/div>\n\t\t\t\t<div class=\"elementor-element elementor-element-8a5eace elementor-widget elementor-widget-heading\" data-id=\"8a5eace\" data-element_type=\"widget\" data-widget_type=\"heading.default\">\n\t\t\t\t<div class=\"elementor-widget-container\">\n\t\t\t<h2 class=\"elementor-heading-title elementor-size-default\">Fa\u00e7a login com os Dados de Acesso que voc\u00ea cadastrou, caso n\u00e3o lembre enviamos um email com estes dados no seu e-mail.<\/h2>\t\t<\/div>\n\t\t\t\t<\/div>\n\t\t\t\t<div class=\"elementor-element elementor-element-c42083b elementor-widget elementor-widget-heading\" data-id=\"c42083b\" data-element_type=\"widget\" data-widget_type=\"heading.default\">\n\t\t\t\t<div class=\"elementor-widget-container\">\n\t\t\t<h2 class=\"elementor-heading-title elementor-size-default\">Caso tenha algum problema com o acesso, \nClique aqui para <a href=\"https:\/\/youtrading.com\/pt\/ead\/reiniciar-senha\/\">Resetar a sua Senha<\/a>. Ou entre em contato com a nossa Equipe de Suporte atrav\u00e9s do e-mail  <a href=\"mailto: suporte@youtrading.com\" target=\"_blank\">suporte@youtrading.com<\/a><\/h2>\t\t<\/div>\n\t\t\t\t<\/div>\n\t\t\t\t\t\t<\/div>\n\t\t\t\t\t<\/div>\n\t\t<\/div>\n\t\t\t\t<div class=\"elementor-column elementor-col-50 elementor-inner-column elementor-element elementor-element-30e1da2\" data-id=\"30e1da2\" data-element_type=\"column\" data-settings=\"{&quot;background_background&quot;:&quot;classic&quot;}\">\n\t\t\t<div class=\"elementor-column-wrap elementor-element-populated\">\n\t\t\t\t\t\t\t<div class=\"elementor-widget-wrap\">\n\t\t\t\t\t\t<div class=\"elementor-element elementor-element-af50b72 elementor-widget elementor-widget-shortcode\" data-id=\"af50b72\" data-element_type=\"widget\" data-widget_type=\"shortcode.default\">\n\t\t\t\t<div class=\"elementor-widget-container\">\n\t\t\t\t\t<div class=\"elementor-shortcode\"><div class=\"wpforms-container wpforms-container-full\" id=\"wpforms-1038\"><form id=\"wpforms-form-1038\" class=\"wpforms-validate wpforms-form\" data-formid=\"1038\" method=\"post\" enctype=\"multipart\/form-data\" action=\"\/pt\/ead\/wp-json\/wp\/v2\/pages\/1048\" data-token=\"64e3a7320973a2a795814c48ff459255\"><noscript class=\"wpforms-error-noscript\">Ative o JavaScript no seu navegador para preencher este formul\u00e1rio.<\/noscript><div class=\"wpforms-field-container\"><div id=\"wpforms-1038-field_0-container\" class=\"wpforms-field wpforms-field-text\" data-field-id=\"0\"><label class=\"wpforms-field-label\" for=\"wpforms-1038-field_0\">Email <span class=\"wpforms-required-label\">*<\/span><\/label><input type=\"text\" id=\"wpforms-1038-field_0\" class=\"wpforms-field-large wpforms-field-required\" name=\"wpforms[fields][0]\" required><\/div><div id=\"wpforms-1038-field_1-container\" class=\"wpforms-field wpforms-field-password\" data-field-id=\"1\"><label class=\"wpforms-field-label\" for=\"wpforms-1038-field_1\">Senha <span class=\"wpforms-required-label\">*<\/span><\/label><input type=\"password\" id=\"wpforms-1038-field_1\" class=\"wpforms-field-large wpforms-field-required\" name=\"wpforms[fields][1]\" required><div class=\"wpforms-field-description\">Esqueceu a sua senha? <a href=\"https:\/\/youtrading.com\/pt\/ead\/reiniciar-senha\/\">Clique aqui<\/a> para resetar<\/div><\/div><\/div><div class=\"wpforms-submit-container\" ><input type=\"hidden\" name=\"wpforms[id]\" value=\"1038\"><input type=\"hidden\" name=\"wpforms[author]\" value=\"1\"><button type=\"submit\" name=\"wpforms[submit]\" class=\"wpforms-submit \" id=\"wpforms-submit-1038\" value=\"wpforms-submit\" aria-live=\"assertive\" data-alt-text=\"Aguarde...\" data-submit-text=\"Acessar agora\">Acessar agora<\/button><\/div><\/form><\/div>  <!-- .wpforms-container -->\t<\/div>\n\t\t\t\t<\/div>\n\t\t\t\t<\/div>\n\t\t\t\t\t\t<\/div>\n\t\t\t\t\t<\/div>\n\t\t<\/div>\n\t\t\t\t\t\t\t\t<\/div>\n\t\t\t\t\t<\/div>\n\t\t<\/section>\n\t\t\t\t<div class=\"elementor-element elementor-element-e52c71f elementor-widget elementor-widget-bdt-advanced-divider\" data-id=\"e52c71f\" data-element_type=\"widget\" data-widget_type=\"bdt-advanced-divider.default\">\n\t\t\t\t<div class=\"elementor-widget-container\">\n\t\t\t        <div class=\"bdt-advanced-divider\" data-settings=\"[]\">\n\n\t\t\t                <img decoding=\"async\" src=\"https:\/\/youtrading.com\/pt\/ead\/wp-content\/plugins\/bdthemes-element-pack\/assets\/images\/divider\/line.svg\" alt=\"advanced divider\" class=\"ep_square\">\n\t\t\t\n        <\/div>\n\n\t\t\t\t<\/div>\n\t\t\t\t<\/div>\n\t\t\t\t<section class=\"elementor-section elementor-inner-section elementor-element elementor-element-88775c0 elementor-section-boxed elementor-section-height-default elementor-section-height-default\" data-id=\"88775c0\" data-element_type=\"section\">\n\t\t\t\t\t\t<div class=\"elementor-container elementor-column-gap-default\">\n\t\t\t\t\t\t\t<div class=\"elementor-row\">\n\t\t\t\t\t<div class=\"elementor-column elementor-col-33 elementor-inner-column elementor-element elementor-element-506d32e\" data-id=\"506d32e\" data-element_type=\"column\">\n\t\t\t<div class=\"elementor-column-wrap\">\n\t\t\t\t\t\t\t<div class=\"elementor-widget-wrap\">\n\t\t\t\t\t\t\t\t<\/div>\n\t\t\t\t\t<\/div>\n\t\t<\/div>\n\t\t\t\t<div class=\"elementor-column elementor-col-33 elementor-inner-column elementor-element elementor-element-a693561\" data-id=\"a693561\" data-element_type=\"column\">\n\t\t\t<div class=\"elementor-column-wrap elementor-element-populated\">\n\t\t\t\t\t\t\t<div class=\"elementor-widget-wrap\">\n\t\t\t\t\t\t<div class=\"elementor-element elementor-element-b628b37 elementor-widget elementor-widget-heading\" data-id=\"b628b37\" data-element_type=\"widget\" data-widget_type=\"heading.default\">\n\t\t\t\t<div class=\"elementor-widget-container\">\n\t\t\t<h2 class=\"elementor-heading-title elementor-size-default\">Ainda n\u00e3o se inscreveu para ter Acesso ao Curso?<\/h2>\t\t<\/div>\n\t\t\t\t<\/div>\n\t\t\t\t<div class=\"elementor-element elementor-element-db0bcc6 elementor-widget elementor-widget-heading\" data-id=\"db0bcc6\" data-element_type=\"widget\" data-widget_type=\"heading.default\">\n\t\t\t\t<div class=\"elementor-widget-container\">\n\t\t\t<h2 class=\"elementor-heading-title elementor-size-default\">N\u00e3o perca tempo, clique no bot\u00e3o abaixo para garantir seu acesso a nosso curso exclusivo! <mark> (100% GRATUITO & 100% ONLINE)<\/mark><\/h2>\t\t<\/div>\n\t\t\t\t<\/div>\n\t\t\t\t<div class=\"elementor-element elementor-element-c2e0c76 elementor-widget elementor-widget-spacer\" data-id=\"c2e0c76\" data-element_type=\"widget\" data-widget_type=\"spacer.default\">\n\t\t\t\t<div class=\"elementor-widget-container\">\n\t\t\t\t\t<div class=\"elementor-spacer\">\n\t\t\t<div class=\"elementor-spacer-inner\"><\/div>\n\t\t<\/div>\n\t\t\t\t<\/div>\n\t\t\t\t<\/div>\n\t\t\t\t<div class=\"elementor-element elementor-element-fd492ca elementor-align-center elementor-widget elementor-widget-bdt-advanced-button\" data-id=\"fd492ca\" data-element_type=\"widget\" data-widget_type=\"bdt-advanced-button.default\">\n\t\t\t\t<div class=\"elementor-widget-container\">\n\t\t\t\t\t<div class=\"bdt-ep-button-wrapper\">\n\t\t\t<a href=\"https:\/\/youtrading.com\/pt\/ead\" class=\"bdt-ep-button bdt-ep-button-effect-a bdt-ep-button-size-md\">\n\t\t\t\t\t\t<div class=\"bdt-ep-button-content-wrapper bdt-flex bdt-flex-middle bdt-flex-center  \" data-text=\"quero me inscrever agora\">\n\t\t\t\n\t\t\t<div class=\"bdt-ep-button-text\">\n\n                <span class=\"avdbtn-text\">quero me inscrever agora<\/span>\n\n\t\t\t\t            <\/div>\n\n\t\t\t\n\t\t<\/div>\n\t\t\t\t\t<\/a>\n\t\t<\/div>\n\t\t\t\t<\/div>\n\t\t\t\t<\/div>\n\t\t\t\t\t\t<\/div>\n\t\t\t\t\t<\/div>\n\t\t<\/div>\n\t\t\t\t<div class=\"elementor-column elementor-col-33 elementor-inner-column elementor-element elementor-element-608d7f7\" data-id=\"608d7f7\" data-element_type=\"column\">\n\t\t\t<div class=\"elementor-column-wrap\">\n\t\t\t\t\t\t\t<div class=\"elementor-widget-wrap\">\n\t\t\t\t\t\t\t\t<\/div>\n\t\t\t\t\t<\/div>\n\t\t<\/div>\n\t\t\t\t\t\t\t\t<\/div>\n\t\t\t\t\t<\/div>\n\t\t<\/section>\n\t\t\t\t\t\t<\/div>\n\t\t\t\t\t<\/div>\n\t\t<\/div>\n\t\t\t\t\t\t\t\t<\/div>\n\t\t\t\t\t<\/div>\n\t\t<\/section>\n\t\t\t\t\t\t\t\t\t<\/div>\n\t\t\t<\/div>\n\t\t\t\t\t<\/div>\n\t\t","protected":false},"excerpt":{"rendered":"<p>Seja bem vindo ao Acesso ao YouTrading Academy Fa\u00e7a login com os Dados de Acesso que voc\u00ea cadastrou, caso n\u00e3o lembre enviamos um email com estes dados no seu e-mail. Caso tenha algum problema com o acesso, Clique aqui para Resetar a sua Senha. Ou entre em contato com a nossa Equipe de Suporte atrav\u00e9s [&hellip;]<\/p>\n","protected":false},"author":1,"featured_media":0,"parent":0,"menu_order":0,"comment_status":"closed","ping_status":"closed","template":"elementor_canvas","meta":[],"_links":{"self":[{"href":"https:\/\/youtrading.com\/pt\/ead\/wp-json\/wp\/v2\/pages\/1048"}],"collection":[{"href":"https:\/\/youtrading.com\/pt\/ead\/wp-json\/wp\/v2\/pages"}],"about":[{"href":"https:\/\/youtrading.com\/pt\/ead\/wp-json\/wp\/v2\/types\/page"}],"author":[{"embeddable":true,"href":"https:\/\/youtrading.com\/pt\/ead\/wp-json\/wp\/v2\/users\/1"}],"replies":[{"embeddable":true,"href":"https:\/\/youtrading.com\/pt\/ead\/wp-json\/wp\/v2\/comments?post=1048"}],"version-history":[{"count":0,"href":"https:\/\/youtrading.com\/pt\/ead\/wp-json\/wp\/v2\/pages\/1048\/revisions"}],"wp:attachment":[{"href":"https:\/\/youtrading.com\/pt\/ead\/wp-json\/wp\/v2\/media?parent=1048"}],"curies":[{"name":"wp","href":"https:\/\/api.w.org\/{rel}","templated":true}]}}