{"id":197,"date":"2024-07-26T01:02:00","date_gmt":"2024-07-26T04:02:00","guid":{"rendered":"https:\/\/youtrading.com\/es\/?page_id=197"},"modified":"2024-07-26T02:24:00","modified_gmt":"2024-07-26T05:24:00","slug":"yo","status":"publish","type":"page","link":"https:\/\/youtrading.com\/es\/yo\/","title":{"rendered":"Academy"},"content":{"rendered":"\t\t<div data-elementor-type=\"wp-page\" data-elementor-id=\"197\" class=\"elementor elementor-197\" data-elementor-post-type=\"page\">\n\t\t\t\t<div class=\"elementor-element elementor-element-abb4f39 e-flex e-con-boxed e-con e-parent\" data-id=\"abb4f39\" data-element_type=\"container\" data-settings=\"{&quot;background_background&quot;:&quot;classic&quot;}\">\n\t\t\t\t\t<div class=\"e-con-inner\">\n\t\t<div class=\"elementor-element elementor-element-992d5f8 e-flex e-con-boxed e-con e-child\" data-id=\"992d5f8\" data-element_type=\"container\">\n\t\t\t\t\t<div class=\"e-con-inner\">\n\t\t\t\t<div class=\"elementor-element elementor-element-fa06ba2 elementor-widget elementor-widget-image\" data-id=\"fa06ba2\" data-element_type=\"widget\" data-widget_type=\"image.default\">\n\t\t\t\t<div class=\"elementor-widget-container\">\n\t\t\t\t\t\t\t\t\t\t\t\t\t\t\t<img fetchpriority=\"high\" decoding=\"async\" width=\"954\" height=\"116\" src=\"https:\/\/youtrading.com\/es\/wp-content\/uploads\/2024\/07\/logo-academy-min.webp\" class=\"attachment-full size-full wp-image-134\" alt=\"\" srcset=\"https:\/\/youtrading.com\/es\/wp-content\/uploads\/2024\/07\/logo-academy-min.webp 954w, https:\/\/youtrading.com\/es\/wp-content\/uploads\/2024\/07\/logo-academy-min-300x36.webp 300w, https:\/\/youtrading.com\/es\/wp-content\/uploads\/2024\/07\/logo-academy-min-768x93.webp 768w\" sizes=\"(max-width: 954px) 100vw, 954px\" \/>\t\t\t\t\t\t\t\t\t\t\t\t\t\t\t<\/div>\n\t\t\t\t<\/div>\n\t\t\t\t<div class=\"elementor-element elementor-element-62577e6 elementor-hidden-mobile elementor-widget elementor-widget-spacer\" data-id=\"62577e6\" data-element_type=\"widget\" data-widget_type=\"spacer.default\">\n\t\t\t\t<div class=\"elementor-widget-container\">\n\t\t\t\t\t\t\t<div class=\"elementor-spacer\">\n\t\t\t<div class=\"elementor-spacer-inner\"><\/div>\n\t\t<\/div>\n\t\t\t\t\t\t<\/div>\n\t\t\t\t<\/div>\n\t\t\t\t\t<\/div>\n\t\t\t\t<\/div>\n\t\t<div class=\"elementor-element elementor-element-b56559c e-flex e-con-boxed e-con e-child\" data-id=\"b56559c\" data-element_type=\"container\">\n\t\t\t\t\t<div class=\"e-con-inner\">\n\t\t<div class=\"elementor-element elementor-element-6a517a2 e-con-full e-flex e-con e-child\" data-id=\"6a517a2\" data-element_type=\"container\">\n\t\t\t\t<div class=\"elementor-element elementor-element-fd98e85 elementor-widget elementor-widget-heading\" data-id=\"fd98e85\" data-element_type=\"widget\" data-widget_type=\"heading.default\">\n\t\t\t\t<div class=\"elementor-widget-container\">\n\t\t\t\t\t<h2 class=\"elementor-heading-title elementor-size-default\">Domina el\n<br>Mercad Financiero\n<br>Internacional<\/h2>\t\t\t\t<\/div>\n\t\t\t\t<\/div>\n\t\t\t\t<div class=\"elementor-element elementor-element-7413d30 elementor-widget elementor-widget-heading\" data-id=\"7413d30\" data-element_type=\"widget\" data-widget_type=\"heading.default\">\n\t\t\t\t<div class=\"elementor-widget-container\">\n\t\t\t\t\t<h2 class=\"elementor-heading-title elementor-size-default\">Accede a Estrategias de Traders Profesionales y un\n<font color='#00efd6'><b>Simulador de Trading Gratuito<\/b><\/font> en un <font color='#00efd6'>Curso Completo<\/font>.<\/h2>\t\t\t\t<\/div>\n\t\t\t\t<\/div>\n\t\t\t\t<div class=\"elementor-element elementor-element-8f7752f elementor-button-align-stretch elementor-widget elementor-widget-form\" data-id=\"8f7752f\" data-element_type=\"widget\" data-settings=\"{&quot;step_next_label&quot;:&quot;Next&quot;,&quot;step_previous_label&quot;:&quot;Previous&quot;,&quot;button_width&quot;:&quot;100&quot;,&quot;step_type&quot;:&quot;number_text&quot;,&quot;step_icon_shape&quot;:&quot;circle&quot;}\" data-widget_type=\"form.default\">\n\t\t\t\t<div class=\"elementor-widget-container\">\n\t\t\t\t\t\t\t<form class=\"elementor-form\" method=\"post\" name=\"New Form\" aria-label=\"New Form\">\n\t\t\t<input type=\"hidden\" name=\"post_id\" value=\"197\"\/>\n\t\t\t<input type=\"hidden\" name=\"form_id\" value=\"8f7752f\"\/>\n\t\t\t<input type=\"hidden\" name=\"referer_title\" value=\"\" \/>\n\n\t\t\t\n\t\t\t<div class=\"elementor-form-fields-wrapper elementor-labels-\">\n\t\t\t\t\t\t\t\t<div class=\"elementor-field-type-email elementor-field-group elementor-column elementor-field-group-email elementor-col-100 elementor-field-required\">\n\t\t\t\t\t\t\t\t\t\t\t\t<label for=\"form-field-email\" class=\"elementor-field-label elementor-screen-only\">\n\t\t\t\t\t\t\t\tEmail\t\t\t\t\t\t\t<\/label>\n\t\t\t\t\t\t\t\t\t\t\t\t\t\t<input size=\"1\" type=\"email\" name=\"form_fields[email]\" id=\"form-field-email\" class=\"elementor-field elementor-size-lg  elementor-field-textual\" placeholder=\"Email\" required=\"required\">\n\t\t\t\t\t\t\t\t\t\t\t<\/div>\n\t\t\t\t\t\t\t\t<div class=\"elementor-field-group elementor-column elementor-field-type-submit elementor-col-100 e-form__buttons\">\n\t\t\t\t\t<button class=\"elementor-button elementor-size-lg\" type=\"submit\">\n\t\t\t\t\t\t<span class=\"elementor-button-content-wrapper\">\n\t\t\t\t\t\t\t\t\t\t\t\t\t\t\t\t\t\t\t\t\t\t<span class=\"elementor-button-text\">Reg\u00edstrese ahora<\/span>\n\t\t\t\t\t\t\t\t\t\t\t\t\t<\/span>\n\t\t\t\t\t<\/button>\n\t\t\t\t<\/div>\n\t\t\t<\/div>\n\t\t<\/form>\n\t\t\t\t\t\t<\/div>\n\t\t\t\t<\/div>\n\t\t\t\t<div class=\"elementor-element elementor-element-809a179 elementor-widget elementor-widget-heading\" data-id=\"809a179\" data-element_type=\"widget\" data-widget_type=\"heading.default\">\n\t\t\t\t<div class=\"elementor-widget-container\">\n\t\t\t\t\t<h2 class=\"elementor-heading-title elementor-size-default\">Por la presente autorizo la recopilaci\u00f3n, almacenamiento y procesamiento de mis datos personales por Parte de YouTrading o uno de sus socios, de acuerdo con los t\u00e9rminos especificados en su Pol\u00edtica de Privacidad. I can cancel at any time *<\/h2>\t\t\t\t<\/div>\n\t\t\t\t<\/div>\n\t\t\t\t<\/div>\n\t\t<div class=\"elementor-element elementor-element-6bb9a56 e-con-full e-flex e-con e-child\" data-id=\"6bb9a56\" data-element_type=\"container\">\n\t\t\t\t<div class=\"elementor-element elementor-element-8f6c9bc elementor-widget elementor-widget-spacer\" data-id=\"8f6c9bc\" data-element_type=\"widget\" data-widget_type=\"spacer.default\">\n\t\t\t\t<div class=\"elementor-widget-container\">\n\t\t\t\t\t\t\t<div class=\"elementor-spacer\">\n\t\t\t<div class=\"elementor-spacer-inner\"><\/div>\n\t\t<\/div>\n\t\t\t\t\t\t<\/div>\n\t\t\t\t<\/div>\n\t\t<div class=\"elementor-element elementor-element-d9dc614 e-flex e-con-boxed e-con e-child\" data-id=\"d9dc614\" data-element_type=\"container\">\n\t\t\t\t\t<div class=\"e-con-inner\">\n\t\t<div class=\"elementor-element elementor-element-c6c6645 e-con-full e-flex e-con e-child\" data-id=\"c6c6645\" data-element_type=\"container\">\n\t\t\t\t<div class=\"elementor-element elementor-element-649814c elementor-widget elementor-widget-image\" data-id=\"649814c\" data-element_type=\"widget\" data-widget_type=\"image.default\">\n\t\t\t\t<div class=\"elementor-widget-container\">\n\t\t\t\t\t\t\t\t\t\t\t\t\t\t\t<img decoding=\"async\" width=\"602\" height=\"253\" src=\"https:\/\/youtrading.com\/es\/wp-content\/uploads\/2024\/07\/simulador-trading-min.webp\" class=\"attachment-full size-full wp-image-207\" alt=\"\" srcset=\"https:\/\/youtrading.com\/es\/wp-content\/uploads\/2024\/07\/simulador-trading-min.webp 602w, https:\/\/youtrading.com\/es\/wp-content\/uploads\/2024\/07\/simulador-trading-min-300x126.webp 300w\" sizes=\"(max-width: 602px) 100vw, 602px\" \/>\t\t\t\t\t\t\t\t\t\t\t\t\t\t\t<\/div>\n\t\t\t\t<\/div>\n\t\t\t\t<\/div>\n\t\t<div class=\"elementor-element elementor-element-fb3335c e-con-full e-flex e-con e-child\" data-id=\"fb3335c\" data-element_type=\"container\">\n\t\t\t\t<div class=\"elementor-element elementor-element-f93fd8e elementor-widget elementor-widget-image\" data-id=\"f93fd8e\" data-element_type=\"widget\" data-widget_type=\"image.default\">\n\t\t\t\t<div class=\"elementor-widget-container\">\n\t\t\t\t\t\t\t\t\t\t\t\t\t\t\t<img decoding=\"async\" width=\"536\" height=\"205\" src=\"https:\/\/youtrading.com\/es\/wp-content\/uploads\/2024\/07\/20k-Traders-Capacitados-min.webp\" class=\"attachment-full size-full wp-image-208\" alt=\"\" srcset=\"https:\/\/youtrading.com\/es\/wp-content\/uploads\/2024\/07\/20k-Traders-Capacitados-min.webp 536w, https:\/\/youtrading.com\/es\/wp-content\/uploads\/2024\/07\/20k-Traders-Capacitados-min-300x115.webp 300w\" sizes=\"(max-width: 536px) 100vw, 536px\" \/>\t\t\t\t\t\t\t\t\t\t\t\t\t\t\t<\/div>\n\t\t\t\t<\/div>\n\t\t\t\t<\/div>\n\t\t\t\t\t<\/div>\n\t\t\t\t<\/div>\n\t\t\t\t<\/div>\n\t\t\t\t\t<\/div>\n\t\t\t\t<\/div>\n\t\t\t\t\t<\/div>\n\t\t\t\t<\/div>\n\t\t<div class=\"elementor-element elementor-element-274becb e-flex e-con-boxed e-con e-parent\" data-id=\"274becb\" data-element_type=\"container\">\n\t\t\t\t\t<div class=\"e-con-inner\">\n\t\t<div class=\"elementor-element elementor-element-af1b23b e-flex e-con-boxed e-con e-child\" data-id=\"af1b23b\" data-element_type=\"container\">\n\t\t\t\t\t<div class=\"e-con-inner\">\n\t\t\t\t<div class=\"elementor-element elementor-element-cfcd229 elementor-widget elementor-widget-heading\" data-id=\"cfcd229\" data-element_type=\"widget\" data-widget_type=\"heading.default\">\n\t\t\t\t<div class=\"elementor-widget-container\">\n\t\t\t\t\t<h2 class=\"elementor-heading-title elementor-size-default\">Contenido costumbre para que usted\nsea un trader profesional<\/h2>\t\t\t\t<\/div>\n\t\t\t\t<\/div>\n\t\t\t\t\t<\/div>\n\t\t\t\t<\/div>\n\t\t<div class=\"elementor-element elementor-element-3ce2da4 e-flex e-con-boxed e-con e-child\" data-id=\"3ce2da4\" data-element_type=\"container\">\n\t\t\t\t\t<div class=\"e-con-inner\">\n\t\t<div class=\"elementor-element elementor-element-bb2d293 e-con-full e-flex e-con e-child\" data-id=\"bb2d293\" data-element_type=\"container\">\n\t\t\t\t<div class=\"elementor-element elementor-element-a8a03e3 elementor-widget elementor-widget-image\" data-id=\"a8a03e3\" data-element_type=\"widget\" data-widget_type=\"image.default\">\n\t\t\t\t<div class=\"elementor-widget-container\">\n\t\t\t\t\t\t\t\t\t\t\t\t\t\t\t<img loading=\"lazy\" decoding=\"async\" width=\"388\" height=\"444\" src=\"https:\/\/youtrading.com\/es\/wp-content\/uploads\/2024\/07\/modulos_curse.webp\" class=\"attachment-full size-full wp-image-241\" alt=\"\" srcset=\"https:\/\/youtrading.com\/es\/wp-content\/uploads\/2024\/07\/modulos_curse.webp 388w, https:\/\/youtrading.com\/es\/wp-content\/uploads\/2024\/07\/modulos_curse-262x300.webp 262w\" sizes=\"(max-width: 388px) 100vw, 388px\" \/>\t\t\t\t\t\t\t\t\t\t\t\t\t\t\t<\/div>\n\t\t\t\t<\/div>\n\t\t\t\t<\/div>\n\t\t<div class=\"elementor-element elementor-element-8dd4bc1 e-con-full e-flex e-con e-child\" data-id=\"8dd4bc1\" data-element_type=\"container\">\n\t\t\t\t<div class=\"elementor-element elementor-element-058fadc elementor-widget__width-inherit elementor-widget elementor-widget-text-editor\" data-id=\"058fadc\" data-element_type=\"widget\" data-widget_type=\"text-editor.default\">\n\t\t\t\t<div class=\"elementor-widget-container\">\n\t\t\t\t\t\t\t\t\t<p>M\u00e1s de <strong>30 lecciones en l\u00ednea impartidas por operadores profesionales<\/strong> experimentados que cubren todo lo que necesita saber sobre el comercio de los mercados financieros. Domina la teor\u00eda y aprende 4 (comprueba el n\u00famero de tu pa\u00eds) poderosas estrategias para practicar en un simulador de trading gratuito. \u00a1Empieza ahora!<\/p>\t\t\t\t\t\t\t\t<\/div>\n\t\t\t\t<\/div>\n\t\t\t\t<div class=\"elementor-element elementor-element-5df42fc elementor-mobile-align-justify elementor-widget elementor-widget-button\" data-id=\"5df42fc\" data-element_type=\"widget\" data-widget_type=\"button.default\">\n\t\t\t\t<div class=\"elementor-widget-container\">\n\t\t\t\t\t\t\t\t\t<div class=\"elementor-button-wrapper\">\n\t\t\t\t\t<a class=\"elementor-button elementor-button-link elementor-size-sm elementor-animation-grow\" href=\"#\">\n\t\t\t\t\t\t<span class=\"elementor-button-content-wrapper\">\n\t\t\t\t\t\t\t\t\t<span class=\"elementor-button-text\">Reg\u00edstrese ahora<\/span>\n\t\t\t\t\t<\/span>\n\t\t\t\t\t<\/a>\n\t\t\t\t<\/div>\n\t\t\t\t\t\t\t\t<\/div>\n\t\t\t\t<\/div>\n\t\t\t\t<\/div>\n\t\t\t\t\t<\/div>\n\t\t\t\t<\/div>\n\t\t<div class=\"elementor-element elementor-element-3d09979 e-flex e-con-boxed e-con e-child\" data-id=\"3d09979\" data-element_type=\"container\">\n\t\t\t\t\t<div class=\"e-con-inner\">\n\t\t\t\t<div class=\"elementor-element elementor-element-b2baded elementor-widget elementor-widget-video\" data-id=\"b2baded\" data-element_type=\"widget\" data-settings=\"{&quot;youtube_url&quot;:&quot;https:\\\/\\\/www.youtube.com\\\/watch?v=qa-W8EDFUrM&amp;t=1s&amp;ab_channel=YouTradingLatinoam%C3%A9rica&quot;,&quot;show_image_overlay&quot;:&quot;yes&quot;,&quot;image_overlay&quot;:{&quot;url&quot;:&quot;https:\\\/\\\/youtrading.com\\\/es\\\/wp-content\\\/uploads\\\/2024\\\/07\\\/thumb.webp&quot;,&quot;id&quot;:254,&quot;size&quot;:&quot;&quot;,&quot;alt&quot;:&quot;&quot;,&quot;source&quot;:&quot;library&quot;},&quot;video_type&quot;:&quot;youtube&quot;,&quot;controls&quot;:&quot;yes&quot;}\" data-widget_type=\"video.default\">\n\t\t\t\t<div class=\"elementor-widget-container\">\n\t\t\t\t\t\t\t<div class=\"elementor-wrapper elementor-open-inline\">\n\t\t\t<div class=\"elementor-video\"><\/div>\t\t\t\t<div class=\"elementor-custom-embed-image-overlay\" style=\"background-image: url(https:\/\/youtrading.com\/es\/wp-content\/uploads\/2024\/07\/thumb.webp);\">\n\t\t\t\t\t\t\t\t\t\t\t\t\t\t\t\t<div class=\"elementor-custom-embed-play\" role=\"button\" aria-label=\"Reproducir video\" tabindex=\"0\">\n\t\t\t\t\t\t\t<i aria-hidden=\"true\" class=\"eicon-play\"><\/i>\t\t\t\t\t\t<\/div>\n\t\t\t\t\t\t\t\t\t<\/div>\n\t\t\t\t\t<\/div>\n\t\t\t\t\t\t<\/div>\n\t\t\t\t<\/div>\n\t\t\t\t\t<\/div>\n\t\t\t\t<\/div>\n\t\t<div class=\"elementor-element elementor-element-1d049b0 e-flex e-con-boxed e-con e-child\" data-id=\"1d049b0\" data-element_type=\"container\">\n\t\t\t\t\t<div class=\"e-con-inner\">\n\t\t<div class=\"elementor-element elementor-element-e480d1c e-con-full e-flex e-con e-child\" data-id=\"e480d1c\" data-element_type=\"container\">\n\t\t\t\t<div class=\"elementor-element elementor-element-704ddb1 elementor-widget elementor-widget-image\" data-id=\"704ddb1\" data-element_type=\"widget\" data-widget_type=\"image.default\">\n\t\t\t\t<div class=\"elementor-widget-container\">\n\t\t\t\t\t\t\t\t\t\t\t\t\t\t\t<img fetchpriority=\"high\" decoding=\"async\" width=\"954\" height=\"116\" src=\"https:\/\/youtrading.com\/es\/wp-content\/uploads\/2024\/07\/logo-academy-min.webp\" class=\"attachment-full size-full wp-image-134\" alt=\"\" srcset=\"https:\/\/youtrading.com\/es\/wp-content\/uploads\/2024\/07\/logo-academy-min.webp 954w, https:\/\/youtrading.com\/es\/wp-content\/uploads\/2024\/07\/logo-academy-min-300x36.webp 300w, https:\/\/youtrading.com\/es\/wp-content\/uploads\/2024\/07\/logo-academy-min-768x93.webp 768w\" sizes=\"(max-width: 954px) 100vw, 954px\" \/>\t\t\t\t\t\t\t\t\t\t\t\t\t\t\t<\/div>\n\t\t\t\t<\/div>\n\t\t\t\t<div class=\"elementor-element elementor-element-857e282 elementor-widget elementor-widget-spacer\" data-id=\"857e282\" data-element_type=\"widget\" data-widget_type=\"spacer.default\">\n\t\t\t\t<div class=\"elementor-widget-container\">\n\t\t\t\t\t\t\t<div class=\"elementor-spacer\">\n\t\t\t<div class=\"elementor-spacer-inner\"><\/div>\n\t\t<\/div>\n\t\t\t\t\t\t<\/div>\n\t\t\t\t<\/div>\n\t\t\t\t<div class=\"elementor-element elementor-element-6d0f6b3 elementor-widget elementor-widget-heading\" data-id=\"6d0f6b3\" data-element_type=\"widget\" data-widget_type=\"heading.default\">\n\t\t\t\t<div class=\"elementor-widget-container\">\n\t\t\t\t\t<h2 class=\"elementor-heading-title elementor-size-default\">\u00bfQui\u00e9n deber\u00eda\n<br>tomar este curso?<\/h2>\t\t\t\t<\/div>\n\t\t\t\t<\/div>\n\t\t\t\t<div class=\"elementor-element elementor-element-1acc00d elementor-widget__width-inherit elementor-widget elementor-widget-text-editor\" data-id=\"1acc00d\" data-element_type=\"widget\" data-widget_type=\"text-editor.default\">\n\t\t\t\t<div class=\"elementor-widget-container\">\n\t\t\t\t\t\t\t\t\t<p>M\u00e1s de 30 lecciones en l\u00ednea de temas b\u00e1sicos a avanzados, practica 4 (compruebe el n\u00famero de su pa\u00eds) Estrategias en un &#8220;Simulador de trading&#8221; gratuito<\/p>\t\t\t\t\t\t\t\t<\/div>\n\t\t\t\t<\/div>\n\t\t\t\t<\/div>\n\t\t<div class=\"elementor-element elementor-element-42394f4 e-con-full e-flex e-con e-child\" data-id=\"42394f4\" data-element_type=\"container\">\n\t\t<div class=\"elementor-element elementor-element-e95de98 e-flex e-con-boxed e-con e-child\" data-id=\"e95de98\" data-element_type=\"container\">\n\t\t\t\t\t<div class=\"e-con-inner\">\n\t\t<div class=\"elementor-element elementor-element-1ea0236 e-con-full e-flex e-con e-child\" data-id=\"1ea0236\" data-element_type=\"container\">\n\t\t\t\t<div class=\"elementor-element elementor-element-f0167e0 elementor-widget-mobile__width-inherit elementor-widget elementor-widget-image\" data-id=\"f0167e0\" data-element_type=\"widget\" data-widget_type=\"image.default\">\n\t\t\t\t<div class=\"elementor-widget-container\">\n\t\t\t\t\t\t\t\t\t\t\t\t\t\t\t<img loading=\"lazy\" decoding=\"async\" width=\"38\" height=\"38\" src=\"https:\/\/youtrading.com\/es\/wp-content\/uploads\/2024\/07\/Forma-1.webp\" class=\"attachment-full size-full wp-image-247\" alt=\"\" \/>\t\t\t\t\t\t\t\t\t\t\t\t\t\t\t<\/div>\n\t\t\t\t<\/div>\n\t\t\t\t<\/div>\n\t\t<div class=\"elementor-element elementor-element-fe11fa2 e-con-full e-flex e-con e-child\" data-id=\"fe11fa2\" data-element_type=\"container\">\n\t\t\t\t<div class=\"elementor-element elementor-element-e107a7d elementor-widget elementor-widget-text-editor\" data-id=\"e107a7d\" data-element_type=\"widget\" data-widget_type=\"text-editor.default\">\n\t\t\t\t<div class=\"elementor-widget-container\">\n\t\t\t\t\t\t\t\t\t<p>Personas que nunca han estado en contacto con los mercados financieros<\/p>\t\t\t\t\t\t\t\t<\/div>\n\t\t\t\t<\/div>\n\t\t\t\t<\/div>\n\t\t\t\t\t<\/div>\n\t\t\t\t<\/div>\n\t\t<div class=\"elementor-element elementor-element-b76f415 e-flex e-con-boxed e-con e-child\" data-id=\"b76f415\" data-element_type=\"container\">\n\t\t\t\t\t<div class=\"e-con-inner\">\n\t\t<div class=\"elementor-element elementor-element-892ab7b e-con-full e-flex e-con e-child\" data-id=\"892ab7b\" data-element_type=\"container\">\n\t\t\t\t<div class=\"elementor-element elementor-element-bfccce4 elementor-widget-mobile__width-inherit elementor-widget elementor-widget-image\" data-id=\"bfccce4\" data-element_type=\"widget\" data-widget_type=\"image.default\">\n\t\t\t\t<div class=\"elementor-widget-container\">\n\t\t\t\t\t\t\t\t\t\t\t\t\t\t\t<img loading=\"lazy\" decoding=\"async\" width=\"38\" height=\"38\" src=\"https:\/\/youtrading.com\/es\/wp-content\/uploads\/2024\/07\/Forma-1.webp\" class=\"attachment-full size-full wp-image-247\" alt=\"\" \/>\t\t\t\t\t\t\t\t\t\t\t\t\t\t\t<\/div>\n\t\t\t\t<\/div>\n\t\t\t\t<\/div>\n\t\t<div class=\"elementor-element elementor-element-d0ef255 e-con-full e-flex e-con e-child\" data-id=\"d0ef255\" data-element_type=\"container\">\n\t\t\t\t<div class=\"elementor-element elementor-element-082cb25 elementor-widget elementor-widget-text-editor\" data-id=\"082cb25\" data-element_type=\"widget\" data-widget_type=\"text-editor.default\">\n\t\t\t\t<div class=\"elementor-widget-container\">\n\t\t\t\t\t\t\t\t\t<p>Aquellos que quieren aprender sobre el trading de la manera correcta<\/p>\t\t\t\t\t\t\t\t<\/div>\n\t\t\t\t<\/div>\n\t\t\t\t<\/div>\n\t\t\t\t\t<\/div>\n\t\t\t\t<\/div>\n\t\t<div class=\"elementor-element elementor-element-f1db1c5 e-flex e-con-boxed e-con e-child\" data-id=\"f1db1c5\" data-element_type=\"container\">\n\t\t\t\t\t<div class=\"e-con-inner\">\n\t\t<div class=\"elementor-element elementor-element-2c9a0da e-con-full e-flex e-con e-child\" data-id=\"2c9a0da\" data-element_type=\"container\">\n\t\t\t\t<div class=\"elementor-element elementor-element-9cf8786 elementor-widget-mobile__width-inherit elementor-widget elementor-widget-image\" data-id=\"9cf8786\" data-element_type=\"widget\" data-widget_type=\"image.default\">\n\t\t\t\t<div class=\"elementor-widget-container\">\n\t\t\t\t\t\t\t\t\t\t\t\t\t\t\t<img loading=\"lazy\" decoding=\"async\" width=\"38\" height=\"38\" src=\"https:\/\/youtrading.com\/es\/wp-content\/uploads\/2024\/07\/Forma-1.webp\" class=\"attachment-full size-full wp-image-247\" alt=\"\" \/>\t\t\t\t\t\t\t\t\t\t\t\t\t\t\t<\/div>\n\t\t\t\t<\/div>\n\t\t\t\t<\/div>\n\t\t<div class=\"elementor-element elementor-element-93c036a e-con-full e-flex e-con e-child\" data-id=\"93c036a\" data-element_type=\"container\">\n\t\t\t\t<div class=\"elementor-element elementor-element-cc38076 elementor-widget elementor-widget-text-editor\" data-id=\"cc38076\" data-element_type=\"widget\" data-widget_type=\"text-editor.default\">\n\t\t\t\t<div class=\"elementor-widget-container\">\n\t\t\t\t\t\t\t\t\t<p>Principiantes en busca de contenido de trading y estrategias de mejor calidad<\/p>\t\t\t\t\t\t\t\t<\/div>\n\t\t\t\t<\/div>\n\t\t\t\t<\/div>\n\t\t\t\t\t<\/div>\n\t\t\t\t<\/div>\n\t\t<div class=\"elementor-element elementor-element-5a11c80 e-flex e-con-boxed e-con e-child\" data-id=\"5a11c80\" data-element_type=\"container\">\n\t\t\t\t\t<div class=\"e-con-inner\">\n\t\t<div class=\"elementor-element elementor-element-dc4aec9 e-con-full e-flex e-con e-child\" data-id=\"dc4aec9\" data-element_type=\"container\">\n\t\t\t\t<div class=\"elementor-element elementor-element-896759b elementor-widget-mobile__width-inherit elementor-widget elementor-widget-image\" data-id=\"896759b\" data-element_type=\"widget\" data-widget_type=\"image.default\">\n\t\t\t\t<div class=\"elementor-widget-container\">\n\t\t\t\t\t\t\t\t\t\t\t\t\t\t\t<img loading=\"lazy\" decoding=\"async\" width=\"38\" height=\"38\" src=\"https:\/\/youtrading.com\/es\/wp-content\/uploads\/2024\/07\/Forma-1.webp\" class=\"attachment-full size-full wp-image-247\" alt=\"\" \/>\t\t\t\t\t\t\t\t\t\t\t\t\t\t\t<\/div>\n\t\t\t\t<\/div>\n\t\t\t\t<\/div>\n\t\t<div class=\"elementor-element elementor-element-944d8e1 e-con-full e-flex e-con e-child\" data-id=\"944d8e1\" data-element_type=\"container\">\n\t\t\t\t<div class=\"elementor-element elementor-element-ada9b8f elementor-widget elementor-widget-text-editor\" data-id=\"ada9b8f\" data-element_type=\"widget\" data-widget_type=\"text-editor.default\">\n\t\t\t\t<div class=\"elementor-widget-container\">\n\t\t\t\t\t\t\t\t\t<p>Profesionales que buscan mejorar sus resultados<\/p>\t\t\t\t\t\t\t\t<\/div>\n\t\t\t\t<\/div>\n\t\t\t\t<\/div>\n\t\t\t\t\t<\/div>\n\t\t\t\t<\/div>\n\t\t\t\t<\/div>\n\t\t\t\t\t<\/div>\n\t\t\t\t<\/div>\n\t\t<div class=\"elementor-element elementor-element-1726e28 e-flex e-con-boxed e-con e-child\" data-id=\"1726e28\" data-element_type=\"container\">\n\t\t\t\t\t<div class=\"e-con-inner\">\n\t\t\t\t<div class=\"elementor-element elementor-element-e16a73b elementor-mobile-align-justify elementor-align-center elementor-widget elementor-widget-button\" data-id=\"e16a73b\" data-element_type=\"widget\" data-widget_type=\"button.default\">\n\t\t\t\t<div class=\"elementor-widget-container\">\n\t\t\t\t\t\t\t\t\t<div class=\"elementor-button-wrapper\">\n\t\t\t\t\t<a class=\"elementor-button elementor-button-link elementor-size-sm elementor-animation-grow\" href=\"#\">\n\t\t\t\t\t\t<span class=\"elementor-button-content-wrapper\">\n\t\t\t\t\t\t\t\t\t<span class=\"elementor-button-text\">Reg\u00edstrese ahora<\/span>\n\t\t\t\t\t<\/span>\n\t\t\t\t\t<\/a>\n\t\t\t\t<\/div>\n\t\t\t\t\t\t\t\t<\/div>\n\t\t\t\t<\/div>\n\t\t\t\t\t<\/div>\n\t\t\t\t<\/div>\n\t\t\t\t\t<\/div>\n\t\t\t\t<\/div>\n\t\t<div class=\"elementor-element elementor-element-ae4ced8 e-flex e-con-boxed e-con e-parent\" data-id=\"ae4ced8\" data-element_type=\"container\" data-settings=\"{&quot;background_background&quot;:&quot;classic&quot;}\">\n\t\t\t\t\t<div class=\"e-con-inner\">\n\t\t\t\t\t<\/div>\n\t\t\t\t<\/div>\n\t\t<div class=\"elementor-element elementor-element-9645163 e-flex e-con-boxed e-con e-parent\" data-id=\"9645163\" data-element_type=\"container\" data-settings=\"{&quot;background_background&quot;:&quot;classic&quot;}\">\n\t\t\t\t\t<div class=\"e-con-inner\">\n\t\t\t\t<div class=\"elementor-element elementor-element-14be2ec elementor-widget elementor-widget-image\" data-id=\"14be2ec\" data-element_type=\"widget\" data-widget_type=\"image.default\">\n\t\t\t\t<div class=\"elementor-widget-container\">\n\t\t\t\t\t\t\t\t\t\t\t\t\t\t\t<img loading=\"lazy\" decoding=\"async\" width=\"800\" height=\"215\" src=\"https:\/\/youtrading.com\/es\/wp-content\/uploads\/2024\/07\/mockup_academy-1024x275.webp\" class=\"attachment-large size-large wp-image-275\" alt=\"\" srcset=\"https:\/\/youtrading.com\/es\/wp-content\/uploads\/2024\/07\/mockup_academy-1024x275.webp 1024w, https:\/\/youtrading.com\/es\/wp-content\/uploads\/2024\/07\/mockup_academy-300x81.webp 300w, https:\/\/youtrading.com\/es\/wp-content\/uploads\/2024\/07\/mockup_academy-768x206.webp 768w, https:\/\/youtrading.com\/es\/wp-content\/uploads\/2024\/07\/mockup_academy.webp 1483w\" sizes=\"(max-width: 800px) 100vw, 800px\" \/>\t\t\t\t\t\t\t\t\t\t\t\t\t\t\t<\/div>\n\t\t\t\t<\/div>\n\t\t\t\t\t<\/div>\n\t\t\t\t<\/div>\n\t\t\t\t<\/div>\n\t\t","protected":false},"excerpt":{"rendered":"<p>Domina el Mercad Financiero Internacional Accede a Estrategias de Traders Profesionales y un Simulador de Trading Gratuito en un Curso Completo. Por la presente autorizo la recopilaci\u00f3n, almacenamiento y procesamiento de mis datos personales por Parte de YouTrading o uno de sus socios, de acuerdo con los t\u00e9rminos especificados en su Pol\u00edtica de Privacidad. I [&hellip;]<\/p>\n","protected":false},"author":1,"featured_media":0,"parent":0,"menu_order":0,"comment_status":"closed","ping_status":"closed","template":"elementor_canvas","meta":{"footnotes":""},"class_list":["post-197","page","type-page","status-publish","hentry"],"_links":{"self":[{"href":"https:\/\/youtrading.com\/es\/wp-json\/wp\/v2\/pages\/197","targetHints":{"allow":["GET"]}}],"collection":[{"href":"https:\/\/youtrading.com\/es\/wp-json\/wp\/v2\/pages"}],"about":[{"href":"https:\/\/youtrading.com\/es\/wp-json\/wp\/v2\/types\/page"}],"author":[{"embeddable":true,"href":"https:\/\/youtrading.com\/es\/wp-json\/wp\/v2\/users\/1"}],"replies":[{"embeddable":true,"href":"https:\/\/youtrading.com\/es\/wp-json\/wp\/v2\/comments?post=197"}],"version-history":[{"count":75,"href":"https:\/\/youtrading.com\/es\/wp-json\/wp\/v2\/pages\/197\/revisions"}],"predecessor-version":[{"id":289,"href":"https:\/\/youtrading.com\/es\/wp-json\/wp\/v2\/pages\/197\/revisions\/289"}],"wp:attachment":[{"href":"https:\/\/youtrading.com\/es\/wp-json\/wp\/v2\/media?parent=197"}],"curies":[{"name":"wp","href":"https:\/\/api.w.org\/{rel}","templated":true}]}}