{"id":18765,"date":"2025-01-03T11:28:35","date_gmt":"2025-01-03T17:28:35","guid":{"rendered":"https:\/\/youtrading.com\/es\/?page_id=18765"},"modified":"2025-01-03T11:32:30","modified_gmt":"2025-01-03T17:32:30","slug":"calendario","status":"publish","type":"page","link":"https:\/\/youtrading.com\/es\/calendario\/","title":{"rendered":"Calendario Econ\u00f3mico"},"content":{"rendered":"\t\t<div data-elementor-type=\"wp-page\" data-elementor-id=\"18765\" class=\"elementor elementor-18765\" data-elementor-post-type=\"page\">\n\t\t\t\t<div class=\"elementor-element elementor-element-3efbc3c4 e-flex e-con-boxed e-con e-parent\" data-id=\"3efbc3c4\" data-element_type=\"container\">\n\t\t\t\t\t<div class=\"e-con-inner\">\n\t\t<div class=\"elementor-element elementor-element-4fd2655d e-con-full e-flex e-con e-child\" data-id=\"4fd2655d\" data-element_type=\"container\">\n\t\t<div class=\"elementor-element elementor-element-7c07c753 e-con-full e-flex e-con e-child\" data-id=\"7c07c753\" data-element_type=\"container\">\n\t\t\t\t<div class=\"elementor-element elementor-element-58bbf4f4 elementor-widget elementor-widget-heading\" data-id=\"58bbf4f4\" data-element_type=\"widget\" data-widget_type=\"heading.default\">\n\t\t\t\t<div class=\"elementor-widget-container\">\n\t\t\t\t\t<h2 class=\"elementor-heading-title elementor-size-default\">Calend\u00e1rio Econ\u00f4mico<\/h2>\t\t\t\t<\/div>\n\t\t\t\t<\/div>\n\t\t\t\t<\/div>\n\t\t\t\t<div class=\"elementor-element elementor-element-486f2201 elementor-widget__width-inherit elementor-widget elementor-widget-html\" data-id=\"486f2201\" data-element_type=\"widget\" data-widget_type=\"html.default\">\n\t\t\t\t<div class=\"elementor-widget-container\">\n\t\t\t\t\t<!-- TradingView Widget BEGIN -->\n<div class=\"tradingview-widget-container\">\n  <div class=\"tradingview-widget-container__widget\"><\/div>\n  <script type=\"text\/javascript\" src=\"https:\/\/s3.tradingview.com\/external-embedding\/embed-widget-events.js\" async>\n  {\n  \"colorTheme\": \"light\",\n  \"isTransparent\": false,\n  \"width\": \"100%\",\n  \"height\": \"570\",\n  \"locale\": \"br\",\n  \"importanceFilter\": \"0,1\",\n  \"countryFilter\": \"ar,au,br,ca,cn,fr,de,in,id,it,jp,kr,mx,ru,sa,za,tr,gb,us,eu\"\n}\n  <\/script>\n<\/div>\n<!-- TradingView Widget END -->\t\t\t\t<\/div>\n\t\t\t\t<\/div>\n\t\t\t\t<\/div>\n\t\t<div class=\"elementor-element elementor-element-35165776 e-con-full e-flex e-con e-child\" data-id=\"35165776\" data-element_type=\"container\">\n\t\t<div class=\"elementor-element elementor-element-27cae2cc e-con-full e-flex e-con e-child\" data-id=\"27cae2cc\" data-element_type=\"container\">\n\t\t\t\t<div class=\"elementor-element elementor-element-51955e83 elementor-widget elementor-widget-heading\" data-id=\"51955e83\" data-element_type=\"widget\" data-widget_type=\"heading.default\">\n\t\t\t\t<div class=\"elementor-widget-container\">\n\t\t\t\t\t<h2 class=\"elementor-heading-title elementor-size-default\"><a href=\"https:\/\/youtrading.com\/pt\/blog\">Artigos<\/a><\/h2>\t\t\t\t<\/div>\n\t\t\t\t<\/div>\n\t\t\t\t<\/div>\n\t\t\t\t<div class=\"elementor-element elementor-element-1f2b9971 bdt-has-divider--yes elementor-widget elementor-widget-bdt-post-list\" data-id=\"1f2b9971\" data-element_type=\"widget\" data-widget_type=\"bdt-post-list.default\">\n\t\t\t\t<div class=\"elementor-widget-container\">\n\t\t\t\t\t\t\t\t<div id=\"bdt-post-list-1f2b9971\" class=\"bdt-post-list bdt-post-list-skin-base\">\n\t\t\t\t<div data-bdt-scrollspy=\"cls: bdt-animation-fade; target: > ul > .bdt-post-list-item; delay: 350;\">\n\t\t\t\t\t<ul class=\"bdt-list bdt-list-large bdt-post-list-item list-part bdt-list-divider\">\n\t\t\t\t\t\t\t\t\t\t\t\t\t<li >\n\t\t\t\t\t\t\t\t<div class=\"bdt-post-list-item-inner\">\n\t\t\t\t\t\t\t\t\t<div class=\"bdt-grid bdt-grid-small bdt-flex-middle\" data-bdt-grid>\n\n\t\t\t\t\t\t\t\t\t\t\t\t\t\t\t\t\t\t\t\t\t<div class=\"bdt-post-list-thumbnail bdt-width-auto\">\n\t\t\t\t\t\t\t\t\t\t\t\t<a href=\"https:\/\/youtrading.com\/es\/2025\/09\/30\/trading-con-baja-volatilidad-como-encontrar-oportunidades-cuando-el-mercado-esta-quieto\/\" title=\"Trading con baja volatilidad: c\u00f3mo encontrar oportunidades cuando el mercado est\u00e1 quieto\">\n\t\t\t\t\t\t\t\t\t\t\t\t\t<img decoding=\"async\" src=\"https:\/\/youtrading.com\/es\/wp-content\/uploads\/2025\/09\/YouTube-Thumbnail-_25_-150x150.webp\" alt=\"Trading con baja volatilidad: c\u00f3mo encontrar oportunidades cuando el mercado est\u00e1 quieto\">\n\t\t\t\t\t\t\t\t\t\t\t\t<\/a>\n\t\t\t\t\t\t\t\t\t\t\t<\/div>\n\t\t\t\t\t\t\t\t\t\t\n\t\t\t\t\t\t\t\t\t\t<div class=\"bdt-post-list-desc bdt-width-expand\">\n\t\t\t\t\t\t\t\t\t\t\t\t\t\t\t\t\t\t\t\t\t\t\t<h4 class=\"bdt-post-list-title\">\n\t\t\t\t\t\t\t\t\t\t\t\t\t<a href=\"https:\/\/youtrading.com\/es\/2025\/09\/30\/trading-con-baja-volatilidad-como-encontrar-oportunidades-cuando-el-mercado-esta-quieto\/\" class=\"bdt-post-list-link\" title=\"Trading con baja volatilidad: c\u00f3mo encontrar oportunidades cuando el mercado est\u00e1 quieto\">Trading con baja volatilidad: c\u00f3mo encontrar oportunidades cuando el mercado est\u00e1 quieto<\/a>\n\t\t\t\t\t\t\t\t\t\t\t\t<\/h4>\n\t\t\t\t\t\t\t\t\t\t\t\n\t\t\t\t\t\t\t\t\t\t\t\n\t\t\t\t\t\t\t\t\t\t\t\t<div class=\"bdt-post-list-meta bdt-subnav bdt-flex-middle\">\n\t\t\t\t\t\t\t\t\t\t\t\t\t<span>30 septiembre 2025<\/span>\t\t\t\t\t\t\t\t\t\t\t\t\t\t\t\t\t\t\t\t\t\t\t\t\t\t\t\t\t<span>\n\t\t\t<a href=\"https:\/\/youtrading.com\/es\/category\/acciones\/\">Acciones<\/a>, <a href=\"https:\/\/youtrading.com\/es\/category\/criptomonedas\/\">Criptomonedas<\/a>, <a href=\"https:\/\/youtrading.com\/es\/category\/forex\/\">Forex<\/a>, <a href=\"https:\/\/youtrading.com\/es\/category\/materias-primas\/\">Materias Primas<\/a>, <a href=\"https:\/\/youtrading.com\/es\/category\/mercados\/\">Mercados<\/a>\t\t<\/span>\n\t\t\t\t\t\t\t\t\t\t\t\t\t\t\t\n\t\t\t\t\t\t\t\t\t\t\t\t<\/div>\n\n\t\t\t\t\t\t\t\t\t\t\t\t\t\t\t\t\t\t\t\t\t<\/div>\n\t\t\t\t\t\t\t\t\t<\/div>\n\t\t\t\t\t\t\t\t<\/div>\n\t\t\t\t\t\t\t<\/li>\n\t\t\t\t\t\t\t\t\t\t\t\t\t<li >\n\t\t\t\t\t\t\t\t<div class=\"bdt-post-list-item-inner\">\n\t\t\t\t\t\t\t\t\t<div class=\"bdt-grid bdt-grid-small bdt-flex-middle\" data-bdt-grid>\n\n\t\t\t\t\t\t\t\t\t\t\t\t\t\t\t\t\t\t\t\t\t<div class=\"bdt-post-list-thumbnail bdt-width-auto\">\n\t\t\t\t\t\t\t\t\t\t\t\t<a href=\"https:\/\/youtrading.com\/es\/2025\/09\/30\/geopolitica-y-oferta-tension-rusia-ucrania-vs-aumentos-de-produccion-global\/\" title=\"Geopol\u00edtica y oferta: Tensi\u00f3n Rusia-Ucrania vs aumentos de producci\u00f3n global\">\n\t\t\t\t\t\t\t\t\t\t\t\t\t<img decoding=\"async\" src=\"https:\/\/youtrading.com\/es\/wp-content\/uploads\/2025\/09\/pexels-yankrukov-7691755-2-150x150.webp\" alt=\"Geopol\u00edtica y oferta: Tensi\u00f3n Rusia-Ucrania vs aumentos de producci\u00f3n global\">\n\t\t\t\t\t\t\t\t\t\t\t\t<\/a>\n\t\t\t\t\t\t\t\t\t\t\t<\/div>\n\t\t\t\t\t\t\t\t\t\t\n\t\t\t\t\t\t\t\t\t\t<div class=\"bdt-post-list-desc bdt-width-expand\">\n\t\t\t\t\t\t\t\t\t\t\t\t\t\t\t\t\t\t\t\t\t\t\t<h4 class=\"bdt-post-list-title\">\n\t\t\t\t\t\t\t\t\t\t\t\t\t<a href=\"https:\/\/youtrading.com\/es\/2025\/09\/30\/geopolitica-y-oferta-tension-rusia-ucrania-vs-aumentos-de-produccion-global\/\" class=\"bdt-post-list-link\" title=\"Geopol\u00edtica y oferta: Tensi\u00f3n Rusia-Ucrania vs aumentos de producci\u00f3n global\">Geopol\u00edtica y oferta: Tensi\u00f3n Rusia-Ucrania vs aumentos de producci\u00f3n global<\/a>\n\t\t\t\t\t\t\t\t\t\t\t\t<\/h4>\n\t\t\t\t\t\t\t\t\t\t\t\n\t\t\t\t\t\t\t\t\t\t\t\n\t\t\t\t\t\t\t\t\t\t\t\t<div class=\"bdt-post-list-meta bdt-subnav bdt-flex-middle\">\n\t\t\t\t\t\t\t\t\t\t\t\t\t<span>30 septiembre 2025<\/span>\t\t\t\t\t\t\t\t\t\t\t\t\t\t\t\t\t\t\t\t\t\t\t\t\t\t\t\t\t<span>\n\t\t\t<a href=\"https:\/\/youtrading.com\/es\/category\/mundo\/\">Mundo<\/a>\t\t<\/span>\n\t\t\t\t\t\t\t\t\t\t\t\t\t\t\t\n\t\t\t\t\t\t\t\t\t\t\t\t<\/div>\n\n\t\t\t\t\t\t\t\t\t\t\t\t\t\t\t\t\t\t\t\t\t<\/div>\n\t\t\t\t\t\t\t\t\t<\/div>\n\t\t\t\t\t\t\t\t<\/div>\n\t\t\t\t\t\t\t<\/li>\n\t\t\t\t\t\t\t\t\t\t\t\t\t<li >\n\t\t\t\t\t\t\t\t<div class=\"bdt-post-list-item-inner\">\n\t\t\t\t\t\t\t\t\t<div class=\"bdt-grid bdt-grid-small bdt-flex-middle\" data-bdt-grid>\n\n\t\t\t\t\t\t\t\t\t\t\t\t\t\t\t\t\t\t\t\t\t<div class=\"bdt-post-list-thumbnail bdt-width-auto\">\n\t\t\t\t\t\t\t\t\t\t\t\t<a href=\"https:\/\/youtrading.com\/es\/2025\/09\/30\/expectativas-de-recortes-de-la-fed-y-caida-del-dolar-impulsan-el-oro-como-refugio-seguro\/\" title=\"Expectativas de recortes de la Fed y ca\u00edda del d\u00f3lar impulsan el oro como refugio seguro\">\n\t\t\t\t\t\t\t\t\t\t\t\t\t<img decoding=\"async\" src=\"https:\/\/youtrading.com\/es\/wp-content\/uploads\/2025\/09\/pexels-yankrukov-7691755-1-150x150.webp\" alt=\"Expectativas de recortes de la Fed y ca\u00edda del d\u00f3lar impulsan el oro como refugio seguro\">\n\t\t\t\t\t\t\t\t\t\t\t\t<\/a>\n\t\t\t\t\t\t\t\t\t\t\t<\/div>\n\t\t\t\t\t\t\t\t\t\t\n\t\t\t\t\t\t\t\t\t\t<div class=\"bdt-post-list-desc bdt-width-expand\">\n\t\t\t\t\t\t\t\t\t\t\t\t\t\t\t\t\t\t\t\t\t\t\t<h4 class=\"bdt-post-list-title\">\n\t\t\t\t\t\t\t\t\t\t\t\t\t<a href=\"https:\/\/youtrading.com\/es\/2025\/09\/30\/expectativas-de-recortes-de-la-fed-y-caida-del-dolar-impulsan-el-oro-como-refugio-seguro\/\" class=\"bdt-post-list-link\" title=\"Expectativas de recortes de la Fed y ca\u00edda del d\u00f3lar impulsan el oro como refugio seguro\">Expectativas de recortes de la Fed y ca\u00edda del d\u00f3lar impulsan el oro como refugio seguro<\/a>\n\t\t\t\t\t\t\t\t\t\t\t\t<\/h4>\n\t\t\t\t\t\t\t\t\t\t\t\n\t\t\t\t\t\t\t\t\t\t\t\n\t\t\t\t\t\t\t\t\t\t\t\t<div class=\"bdt-post-list-meta bdt-subnav bdt-flex-middle\">\n\t\t\t\t\t\t\t\t\t\t\t\t\t<span>30 septiembre 2025<\/span>\t\t\t\t\t\t\t\t\t\t\t\t\t\t\t\t\t\t\t\t\t\t\t\t\t\t\t\t\t<span>\n\t\t\t<a href=\"https:\/\/youtrading.com\/es\/category\/vision\/\">Visi\u00f3n<\/a>\t\t<\/span>\n\t\t\t\t\t\t\t\t\t\t\t\t\t\t\t\n\t\t\t\t\t\t\t\t\t\t\t\t<\/div>\n\n\t\t\t\t\t\t\t\t\t\t\t\t\t\t\t\t\t\t\t\t\t<\/div>\n\t\t\t\t\t\t\t\t\t<\/div>\n\t\t\t\t\t\t\t\t<\/div>\n\t\t\t\t\t\t\t<\/li>\n\t\t\t\t\t\t\t\t\t\t\t\t\t<li >\n\t\t\t\t\t\t\t\t<div class=\"bdt-post-list-item-inner\">\n\t\t\t\t\t\t\t\t\t<div class=\"bdt-grid bdt-grid-small bdt-flex-middle\" data-bdt-grid>\n\n\t\t\t\t\t\t\t\t\t\t\t\t\t\t\t\t\t\t\t\t\t<div class=\"bdt-post-list-thumbnail bdt-width-auto\">\n\t\t\t\t\t\t\t\t\t\t\t\t<a href=\"https:\/\/youtrading.com\/es\/2025\/09\/28\/bra50-eur-usd-y-cacao-analisis-tecnico-clave-para-iniciar-la-semana-con-foco-en-pmi-empleo-e-inflacion\/\" title=\"BRA50, EUR\/USD y Cacao: An\u00e1lisis t\u00e9cnico clave para iniciar la semana con foco en PMI, empleo e inflaci\u00f3n\">\n\t\t\t\t\t\t\t\t\t\t\t\t\t<img decoding=\"async\" src=\"https:\/\/youtrading.com\/es\/wp-content\/uploads\/2025\/09\/BRA500-150x150.webp\" alt=\"BRA50, EUR\/USD y Cacao: An\u00e1lisis t\u00e9cnico clave para iniciar la semana con foco en PMI, empleo e inflaci\u00f3n\">\n\t\t\t\t\t\t\t\t\t\t\t\t<\/a>\n\t\t\t\t\t\t\t\t\t\t\t<\/div>\n\t\t\t\t\t\t\t\t\t\t\n\t\t\t\t\t\t\t\t\t\t<div class=\"bdt-post-list-desc bdt-width-expand\">\n\t\t\t\t\t\t\t\t\t\t\t\t\t\t\t\t\t\t\t\t\t\t\t<h4 class=\"bdt-post-list-title\">\n\t\t\t\t\t\t\t\t\t\t\t\t\t<a href=\"https:\/\/youtrading.com\/es\/2025\/09\/28\/bra50-eur-usd-y-cacao-analisis-tecnico-clave-para-iniciar-la-semana-con-foco-en-pmi-empleo-e-inflacion\/\" class=\"bdt-post-list-link\" title=\"BRA50, EUR\/USD y Cacao: An\u00e1lisis t\u00e9cnico clave para iniciar la semana con foco en PMI, empleo e inflaci\u00f3n\">BRA50, EUR\/USD y Cacao: An\u00e1lisis t\u00e9cnico clave para iniciar la semana con foco en PMI, empleo e inflaci\u00f3n<\/a>\n\t\t\t\t\t\t\t\t\t\t\t\t<\/h4>\n\t\t\t\t\t\t\t\t\t\t\t\n\t\t\t\t\t\t\t\t\t\t\t\n\t\t\t\t\t\t\t\t\t\t\t\t<div class=\"bdt-post-list-meta bdt-subnav bdt-flex-middle\">\n\t\t\t\t\t\t\t\t\t\t\t\t\t<span>28 septiembre 2025<\/span>\t\t\t\t\t\t\t\t\t\t\t\t\t\t\t\t\t\t\t\t\t\t\t\t\t\t\t\t\t<span>\n\t\t\t<a href=\"https:\/\/youtrading.com\/es\/category\/apertura-de-la-semana\/\">Apertura de la semana<\/a>\t\t<\/span>\n\t\t\t\t\t\t\t\t\t\t\t\t\t\t\t\n\t\t\t\t\t\t\t\t\t\t\t\t<\/div>\n\n\t\t\t\t\t\t\t\t\t\t\t\t\t\t\t\t\t\t\t\t\t<\/div>\n\t\t\t\t\t\t\t\t\t<\/div>\n\t\t\t\t\t\t\t\t<\/div>\n\t\t\t\t\t\t\t<\/li>\n\t\t\t\t\t\t\t\t\t\t\t\t\t<li >\n\t\t\t\t\t\t\t\t<div class=\"bdt-post-list-item-inner\">\n\t\t\t\t\t\t\t\t\t<div class=\"bdt-grid bdt-grid-small bdt-flex-middle\" data-bdt-grid>\n\n\t\t\t\t\t\t\t\t\t\t\t\t\t\t\t\t\t\t\t\t\t<div class=\"bdt-post-list-thumbnail bdt-width-auto\">\n\t\t\t\t\t\t\t\t\t\t\t\t<a href=\"https:\/\/youtrading.com\/es\/2025\/09\/26\/inversiones-seguras-2025-alternativas-a-las-letras-del-tesoro-que-baten-a-la-inflacion\/\" title=\"Inversiones seguras 2025: alternativas a las Letras del Tesoro que baten a la inflaci\u00f3n\">\n\t\t\t\t\t\t\t\t\t\t\t\t\t<img decoding=\"async\" src=\"https:\/\/youtrading.com\/es\/wp-content\/uploads\/2025\/09\/24sep-150x150.webp\" alt=\"Inversiones seguras 2025: alternativas a las Letras del Tesoro que baten a la inflaci\u00f3n\">\n\t\t\t\t\t\t\t\t\t\t\t\t<\/a>\n\t\t\t\t\t\t\t\t\t\t\t<\/div>\n\t\t\t\t\t\t\t\t\t\t\n\t\t\t\t\t\t\t\t\t\t<div class=\"bdt-post-list-desc bdt-width-expand\">\n\t\t\t\t\t\t\t\t\t\t\t\t\t\t\t\t\t\t\t\t\t\t\t<h4 class=\"bdt-post-list-title\">\n\t\t\t\t\t\t\t\t\t\t\t\t\t<a href=\"https:\/\/youtrading.com\/es\/2025\/09\/26\/inversiones-seguras-2025-alternativas-a-las-letras-del-tesoro-que-baten-a-la-inflacion\/\" class=\"bdt-post-list-link\" title=\"Inversiones seguras 2025: alternativas a las Letras del Tesoro que baten a la inflaci\u00f3n\">Inversiones seguras 2025: alternativas a las Letras del Tesoro que baten a la inflaci\u00f3n<\/a>\n\t\t\t\t\t\t\t\t\t\t\t\t<\/h4>\n\t\t\t\t\t\t\t\t\t\t\t\n\t\t\t\t\t\t\t\t\t\t\t\n\t\t\t\t\t\t\t\t\t\t\t\t<div class=\"bdt-post-list-meta bdt-subnav bdt-flex-middle\">\n\t\t\t\t\t\t\t\t\t\t\t\t\t<span>26 septiembre 2025<\/span>\t\t\t\t\t\t\t\t\t\t\t\t\t\t\t\t\t\t\t\t\t\t\t\t\t\t\t\t\t<span>\n\t\t\t<a href=\"https:\/\/youtrading.com\/es\/category\/vision\/\">Visi\u00f3n<\/a>\t\t<\/span>\n\t\t\t\t\t\t\t\t\t\t\t\t\t\t\t\n\t\t\t\t\t\t\t\t\t\t\t\t<\/div>\n\n\t\t\t\t\t\t\t\t\t\t\t\t\t\t\t\t\t\t\t\t\t<\/div>\n\t\t\t\t\t\t\t\t\t<\/div>\n\t\t\t\t\t\t\t\t<\/div>\n\t\t\t\t\t\t\t<\/li>\n\t\t\t\t\t\t\t\t\t\t\t\t\t<li >\n\t\t\t\t\t\t\t\t<div class=\"bdt-post-list-item-inner\">\n\t\t\t\t\t\t\t\t\t<div class=\"bdt-grid bdt-grid-small bdt-flex-middle\" data-bdt-grid>\n\n\t\t\t\t\t\t\t\t\t\t\t\t\t\t\t\t\t\t\t\t\t<div class=\"bdt-post-list-thumbnail bdt-width-auto\">\n\t\t\t\t\t\t\t\t\t\t\t\t<a href=\"https:\/\/youtrading.com\/es\/2025\/09\/25\/dolar-bajo-presion-analisis-del-gbp-usd-usd-rub-y-usd-mxn-en-medio-de-la-tormenta-global\/\" title=\"D\u00f3lar bajo presi\u00f3n: an\u00e1lisis del GBP\/USD, USD\/RUB y USD\/MXN en medio de la tormenta global\">\n\t\t\t\t\t\t\t\t\t\t\t\t\t<img decoding=\"async\" src=\"https:\/\/youtrading.com\/es\/wp-content\/uploads\/2025\/09\/GBPUSD-3-150x150.webp\" alt=\"D\u00f3lar bajo presi\u00f3n: an\u00e1lisis del GBP\/USD, USD\/RUB y USD\/MXN en medio de la tormenta global\">\n\t\t\t\t\t\t\t\t\t\t\t\t<\/a>\n\t\t\t\t\t\t\t\t\t\t\t<\/div>\n\t\t\t\t\t\t\t\t\t\t\n\t\t\t\t\t\t\t\t\t\t<div class=\"bdt-post-list-desc bdt-width-expand\">\n\t\t\t\t\t\t\t\t\t\t\t\t\t\t\t\t\t\t\t\t\t\t\t<h4 class=\"bdt-post-list-title\">\n\t\t\t\t\t\t\t\t\t\t\t\t\t<a href=\"https:\/\/youtrading.com\/es\/2025\/09\/25\/dolar-bajo-presion-analisis-del-gbp-usd-usd-rub-y-usd-mxn-en-medio-de-la-tormenta-global\/\" class=\"bdt-post-list-link\" title=\"D\u00f3lar bajo presi\u00f3n: an\u00e1lisis del GBP\/USD, USD\/RUB y USD\/MXN en medio de la tormenta global\">D\u00f3lar bajo presi\u00f3n: an\u00e1lisis del GBP\/USD, USD\/RUB y USD\/MXN en medio de la tormenta global<\/a>\n\t\t\t\t\t\t\t\t\t\t\t\t<\/h4>\n\t\t\t\t\t\t\t\t\t\t\t\n\t\t\t\t\t\t\t\t\t\t\t\n\t\t\t\t\t\t\t\t\t\t\t\t<div class=\"bdt-post-list-meta bdt-subnav bdt-flex-middle\">\n\t\t\t\t\t\t\t\t\t\t\t\t\t<span>25 septiembre 2025<\/span>\t\t\t\t\t\t\t\t\t\t\t\t\t\t\t\t\t\t\t\t\t\t\t\t\t\t\t\t\t<span>\n\t\t\t<a href=\"https:\/\/youtrading.com\/es\/category\/forex\/\">Forex<\/a>\t\t<\/span>\n\t\t\t\t\t\t\t\t\t\t\t\t\t\t\t\n\t\t\t\t\t\t\t\t\t\t\t\t<\/div>\n\n\t\t\t\t\t\t\t\t\t\t\t\t\t\t\t\t\t\t\t\t\t<\/div>\n\t\t\t\t\t\t\t\t\t<\/div>\n\t\t\t\t\t\t\t\t<\/div>\n\t\t\t\t\t\t\t<\/li>\n\t\t\t\t\t\t\t\t\t\t\t\t\t\t\t\t\t<\/ul>\n\t\t\t\t<\/div>\n\t\t\t<\/div>\n\n\t\t\t\t\t\t\t<\/div>\n\t\t\t\t<\/div>\n\t\t\t\t<\/div>\n\t\t\t\t\t<\/div>\n\t\t\t\t<\/div>\n\t\t<div class=\"elementor-element elementor-element-3ef420e3 e-flex e-con-boxed e-con e-parent\" data-id=\"3ef420e3\" data-element_type=\"container\">\n\t\t\t\t\t<div class=\"e-con-inner\">\n\t\t\t\t<div class=\"elementor-element elementor-element-566d49a8 elementor-widget elementor-widget-spacer\" data-id=\"566d49a8\" data-element_type=\"widget\" data-widget_type=\"spacer.default\">\n\t\t\t\t<div class=\"elementor-widget-container\">\n\t\t\t\t\t\t\t<div class=\"elementor-spacer\">\n\t\t\t<div class=\"elementor-spacer-inner\"><\/div>\n\t\t<\/div>\n\t\t\t\t\t\t<\/div>\n\t\t\t\t<\/div>\n\t\t\t\t\t<\/div>\n\t\t\t\t<\/div>\n\t\t\t\t<\/div>\n\t\t","protected":false},"excerpt":{"rendered":"<p>Calend\u00e1rio Econ\u00f4mico Artigos ul > .bdt-post-list-item; delay: 350;&#8221;> Constellation salta un 7% con acuerdo en EE.UU., SPY y Tesla en el centro de la acci\u00f3n 2 enero 2025 Acciones \u00bfQu\u00e9 son los Bitcoin ETF Spot y por qu\u00e9 suponen una nueva era para la mayor criptomoneda del mundo? 2 enero 2025 Criptomonedas 2024 en los [&hellip;]<\/p>\n","protected":false},"author":1,"featured_media":0,"parent":0,"menu_order":0,"comment_status":"closed","ping_status":"closed","template":"","meta":{"footnotes":""},"class_list":["post-18765","page","type-page","status-publish","hentry"],"_links":{"self":[{"href":"https:\/\/youtrading.com\/es\/wp-json\/wp\/v2\/pages\/18765","targetHints":{"allow":["GET"]}}],"collection":[{"href":"https:\/\/youtrading.com\/es\/wp-json\/wp\/v2\/pages"}],"about":[{"href":"https:\/\/youtrading.com\/es\/wp-json\/wp\/v2\/types\/page"}],"author":[{"embeddable":true,"href":"https:\/\/youtrading.com\/es\/wp-json\/wp\/v2\/users\/1"}],"replies":[{"embeddable":true,"href":"https:\/\/youtrading.com\/es\/wp-json\/wp\/v2\/comments?post=18765"}],"version-history":[{"count":14,"href":"https:\/\/youtrading.com\/es\/wp-json\/wp\/v2\/pages\/18765\/revisions"}],"predecessor-version":[{"id":18784,"href":"https:\/\/youtrading.com\/es\/wp-json\/wp\/v2\/pages\/18765\/revisions\/18784"}],"wp:attachment":[{"href":"https:\/\/youtrading.com\/es\/wp-json\/wp\/v2\/media?parent=18765"}],"curies":[{"name":"wp","href":"https:\/\/api.w.org\/{rel}","templated":true}]}}