{"id":108,"date":"2024-07-25T17:49:28","date_gmt":"2024-07-25T20:49:28","guid":{"rendered":"https:\/\/youtrading.com\/es\/?page_id=108"},"modified":"2024-12-04T19:32:10","modified_gmt":"2024-12-04T22:32:10","slug":"index","status":"publish","type":"page","link":"https:\/\/youtrading.com\/es\/","title":{"rendered":"Index"},"content":{"rendered":"\t\t<div data-elementor-type=\"wp-page\" data-elementor-id=\"108\" class=\"elementor elementor-108\" data-elementor-post-type=\"page\">\n\t\t\t\t<div class=\"elementor-element elementor-element-532a16f e-flex e-con-boxed e-con e-parent\" data-id=\"532a16f\" data-element_type=\"container\" data-settings=\"{&quot;background_background&quot;:&quot;classic&quot;}\">\n\t\t\t\t\t<div class=\"e-con-inner\">\n\t\t<div class=\"elementor-element elementor-element-996bc4a e-flex e-con-boxed e-con e-child\" data-id=\"996bc4a\" data-element_type=\"container\">\n\t\t\t\t\t<div class=\"e-con-inner\">\n\t\t\t\t<div class=\"elementor-element elementor-element-ae9b30d elementor-widget-mobile__width-inherit elementor-widget elementor-widget-image\" data-id=\"ae9b30d\" data-element_type=\"widget\" data-widget_type=\"image.default\">\n\t\t\t\t<div class=\"elementor-widget-container\">\n\t\t\t\t\t\t\t\t\t\t\t\t\t\t\t<img decoding=\"async\" width=\"207\" height=\"42\" src=\"https:\/\/youtrading.com\/es\/wp-content\/uploads\/2024\/07\/logo-youtrading.webp\" class=\"elementor-animation-grow attachment-full size-full wp-image-111\" alt=\"\" \/>\t\t\t\t\t\t\t\t\t\t\t\t\t\t\t<\/div>\n\t\t\t\t<\/div>\n\t\t\t\t<div class=\"elementor-element elementor-element-f981786 elementor-shape-rounded elementor-grid-0 e-grid-align-center elementor-widget elementor-widget-social-icons\" data-id=\"f981786\" data-element_type=\"widget\" data-widget_type=\"social-icons.default\">\n\t\t\t\t<div class=\"elementor-widget-container\">\n\t\t\t\t\t\t\t<div class=\"elementor-social-icons-wrapper elementor-grid\" role=\"list\">\n\t\t\t\t\t\t\t<span class=\"elementor-grid-item\" role=\"listitem\">\n\t\t\t\t\t<a class=\"elementor-icon elementor-social-icon elementor-social-icon-instagram elementor-animation-grow elementor-repeater-item-7893d97\" href=\"https:\/\/www.instagram.com\/youtrading.latin\" target=\"_blank\">\n\t\t\t\t\t\t<span class=\"elementor-screen-only\">Instagram<\/span>\n\t\t\t\t\t\t<i class=\"fab fa-instagram\"><\/i>\t\t\t\t\t<\/a>\n\t\t\t\t<\/span>\n\t\t\t\t\t\t\t<span class=\"elementor-grid-item\" role=\"listitem\">\n\t\t\t\t\t<a class=\"elementor-icon elementor-social-icon elementor-social-icon-facebook elementor-animation-grow elementor-repeater-item-3823314\" href=\"https:\/\/www.facebook.com\/YouTradingamericalatina\" target=\"_blank\">\n\t\t\t\t\t\t<span class=\"elementor-screen-only\">Facebook<\/span>\n\t\t\t\t\t\t<i class=\"fab fa-facebook\"><\/i>\t\t\t\t\t<\/a>\n\t\t\t\t<\/span>\n\t\t\t\t\t\t\t<span class=\"elementor-grid-item\" role=\"listitem\">\n\t\t\t\t\t<a class=\"elementor-icon elementor-social-icon elementor-social-icon-youtube elementor-animation-grow elementor-repeater-item-d18f7d2\" href=\"https:\/\/www.youtube.com\/@YouTradingEspanol\" target=\"_blank\">\n\t\t\t\t\t\t<span class=\"elementor-screen-only\">Youtube<\/span>\n\t\t\t\t\t\t<i class=\"fab fa-youtube\"><\/i>\t\t\t\t\t<\/a>\n\t\t\t\t<\/span>\n\t\t\t\t\t\t\t<span class=\"elementor-grid-item\" role=\"listitem\">\n\t\t\t\t\t<a class=\"elementor-icon elementor-social-icon elementor-social-icon-telegram elementor-animation-grow elementor-repeater-item-e1d5fa3\" href=\"https:\/\/t.me\/YouTradingLatinoamerica\" target=\"_blank\">\n\t\t\t\t\t\t<span class=\"elementor-screen-only\">Telegram<\/span>\n\t\t\t\t\t\t<i class=\"fab fa-telegram\"><\/i>\t\t\t\t\t<\/a>\n\t\t\t\t<\/span>\n\t\t\t\t\t<\/div>\n\t\t\t\t\t\t<\/div>\n\t\t\t\t<\/div>\n\t\t\t\t\t<\/div>\n\t\t\t\t<\/div>\n\t\t\t\t\t<\/div>\n\t\t\t\t<\/div>\n\t\t<div class=\"elementor-element elementor-element-ca7d9c0 e-flex e-con-boxed e-con e-parent\" data-id=\"ca7d9c0\" data-element_type=\"container\" data-settings=\"{&quot;background_background&quot;:&quot;classic&quot;}\">\n\t\t\t\t\t<div class=\"e-con-inner\">\n\t\t<div class=\"elementor-element elementor-element-71e0326 e-flex e-con-boxed e-con e-child\" data-id=\"71e0326\" data-element_type=\"container\" data-settings=\"{&quot;background_background&quot;:&quot;classic&quot;}\">\n\t\t\t\t\t<div class=\"e-con-inner\">\n\t\t<div class=\"elementor-element elementor-element-25628ad e-flex e-con-boxed e-con e-child\" data-id=\"25628ad\" data-element_type=\"container\">\n\t\t\t\t\t<div class=\"e-con-inner\">\n\t\t<div class=\"elementor-element elementor-element-4608d71 e-con-full e-flex e-con e-child\" data-id=\"4608d71\" data-element_type=\"container\">\n\t\t\t\t<div class=\"elementor-element elementor-element-07743ad elementor-widget elementor-widget-button\" data-id=\"07743ad\" data-element_type=\"widget\" data-widget_type=\"button.default\">\n\t\t\t\t<div class=\"elementor-widget-container\">\n\t\t\t\t\t\t\t\t\t<div class=\"elementor-button-wrapper\">\n\t\t\t\t\t<a class=\"elementor-button elementor-size-sm\" role=\"button\">\n\t\t\t\t\t\t<span class=\"elementor-button-content-wrapper\">\n\t\t\t\t\t\t\t\t\t<span class=\"elementor-button-text\">Not\u00edcias<\/span>\n\t\t\t\t\t<\/span>\n\t\t\t\t\t<\/a>\n\t\t\t\t<\/div>\n\t\t\t\t\t\t\t\t<\/div>\n\t\t\t\t<\/div>\n\t\t\t\t<div class=\"elementor-element elementor-element-a3db79e elementor-widget elementor-widget-heading\" data-id=\"a3db79e\" data-element_type=\"widget\" data-widget_type=\"heading.default\">\n\t\t\t\t<div class=\"elementor-widget-container\">\n\t\t\t\t\t<h2 class=\"elementor-heading-title elementor-size-default\"><a href=\"https:\/\/youtrading.com\/es\/blog\">\u00a1Un portal\n<br>completo para\n<br>la formaci\u00f3n de\nTraders!<\/a><\/h2>\t\t\t\t<\/div>\n\t\t\t\t<\/div>\n\t\t\t\t<div class=\"elementor-element elementor-element-e87e4a4 elementor-widget elementor-widget-heading\" data-id=\"e87e4a4\" data-element_type=\"widget\" data-widget_type=\"heading.default\">\n\t\t\t\t<div class=\"elementor-widget-container\">\n\t\t\t\t\t<h2 class=\"elementor-heading-title elementor-size-default\"><a href=\"https:\/\/youtrading.com\/es\/blog\">Acesse ahora -&gt;<\/a><\/h2>\t\t\t\t<\/div>\n\t\t\t\t<\/div>\n\t\t\t\t<\/div>\n\t\t<div class=\"elementor-element elementor-element-e0adfb0 e-con-full e-flex e-con e-child\" data-id=\"e0adfb0\" data-element_type=\"container\">\n\t\t\t\t<div class=\"elementor-element elementor-element-2fc620c elementor-widget elementor-widget-spacer\" data-id=\"2fc620c\" data-element_type=\"widget\" data-widget_type=\"spacer.default\">\n\t\t\t\t<div class=\"elementor-widget-container\">\n\t\t\t\t\t\t\t<div class=\"elementor-spacer\">\n\t\t\t<div class=\"elementor-spacer-inner\"><\/div>\n\t\t<\/div>\n\t\t\t\t\t\t<\/div>\n\t\t\t\t<\/div>\n\t\t\t\t<div class=\"elementor-element elementor-element-093bc2a elementor-widget elementor-widget-image\" data-id=\"093bc2a\" data-element_type=\"widget\" data-widget_type=\"image.default\">\n\t\t\t\t<div class=\"elementor-widget-container\">\n\t\t\t\t\t\t\t\t\t\t\t\t\t\t\t\t<a href=\"https:\/\/youtrading.com\/es\/blog\">\n\t\t\t\t\t\t\t<img decoding=\"async\" width=\"42\" height=\"42\" src=\"https:\/\/youtrading.com\/es\/wp-content\/uploads\/2024\/07\/bt_bc.webp\" class=\"elementor-animation-grow attachment-full size-full wp-image-113\" alt=\"\" \/>\t\t\t\t\t\t\t\t<\/a>\n\t\t\t\t\t\t\t\t\t\t\t\t\t\t\t<\/div>\n\t\t\t\t<\/div>\n\t\t\t\t<\/div>\n\t\t\t\t\t<\/div>\n\t\t\t\t<\/div>\n\t\t\t\t\t<\/div>\n\t\t\t\t<\/div>\n\t\t<div class=\"elementor-element elementor-element-b864f6f e-flex e-con-boxed e-con e-child\" data-id=\"b864f6f\" data-element_type=\"container\" data-settings=\"{&quot;background_background&quot;:&quot;classic&quot;}\">\n\t\t\t\t\t<div class=\"e-con-inner\">\n\t\t<div class=\"elementor-element elementor-element-6b2b0c4 e-flex e-con-boxed e-con e-child\" data-id=\"6b2b0c4\" data-element_type=\"container\">\n\t\t\t\t\t<div class=\"e-con-inner\">\n\t\t<div class=\"elementor-element elementor-element-e961967 e-con-full e-flex e-con e-child\" data-id=\"e961967\" data-element_type=\"container\">\n\t\t\t\t<div class=\"elementor-element elementor-element-e36e43f elementor-widget elementor-widget-image\" data-id=\"e36e43f\" data-element_type=\"widget\" data-widget_type=\"image.default\">\n\t\t\t\t<div class=\"elementor-widget-container\">\n\t\t\t\t\t\t\t\t\t\t\t\t\t\t\t\t<a href=\"https:\/\/youtrading.com\/es\/academy\/new\">\n\t\t\t\t\t\t\t<img fetchpriority=\"high\" decoding=\"async\" width=\"800\" height=\"97\" src=\"https:\/\/youtrading.com\/es\/wp-content\/uploads\/2024\/07\/logo-academy-min.webp\" class=\"attachment-large size-large wp-image-134\" alt=\"\" srcset=\"https:\/\/youtrading.com\/es\/wp-content\/uploads\/2024\/07\/logo-academy-min.webp 954w, https:\/\/youtrading.com\/es\/wp-content\/uploads\/2024\/07\/logo-academy-min-300x36.webp 300w, https:\/\/youtrading.com\/es\/wp-content\/uploads\/2024\/07\/logo-academy-min-768x93.webp 768w\" sizes=\"(max-width: 800px) 100vw, 800px\" \/>\t\t\t\t\t\t\t\t<\/a>\n\t\t\t\t\t\t\t\t\t\t\t\t\t\t\t<\/div>\n\t\t\t\t<\/div>\n\t\t\t\t<div class=\"elementor-element elementor-element-a459792 elementor-widget elementor-widget-heading\" data-id=\"a459792\" data-element_type=\"widget\" data-widget_type=\"heading.default\">\n\t\t\t\t<div class=\"elementor-widget-container\">\n\t\t\t\t\t<h2 class=\"elementor-heading-title elementor-size-default\"><a href=\"https:\/\/youtrading.com\/es\/academy\/new\">Domina el\n<br>Mercad Financiero\n<br>Internacional<\/a><\/h2>\t\t\t\t<\/div>\n\t\t\t\t<\/div>\n\t\t\t\t<div class=\"elementor-element elementor-element-48f01a6 elementor-widget elementor-widget-heading\" data-id=\"48f01a6\" data-element_type=\"widget\" data-widget_type=\"heading.default\">\n\t\t\t\t<div class=\"elementor-widget-container\">\n\t\t\t\t\t<h2 class=\"elementor-heading-title elementor-size-default\"><a href=\"https:\/\/youtrading.com\/es\/academy\/new\">Accede a Estrategias de Traders Profesionales y un\n<font color='#00efd6'><b>Simulador de Trading Gratuito<\/b><\/font> en un <font color='#00efd6'><b>Curso Completo<\/b><\/font>.<\/a><\/h2>\t\t\t\t<\/div>\n\t\t\t\t<\/div>\n\t\t\t\t<div class=\"elementor-element elementor-element-630e34e elementor-mobile-align-justify elementor-widget elementor-widget-button\" data-id=\"630e34e\" data-element_type=\"widget\" data-widget_type=\"button.default\">\n\t\t\t\t<div class=\"elementor-widget-container\">\n\t\t\t\t\t\t\t\t\t<div class=\"elementor-button-wrapper\">\n\t\t\t\t\t<a class=\"elementor-button elementor-button-link elementor-size-sm elementor-animation-grow\" href=\"https:\/\/youtrading.com\/es\/academy\/new\">\n\t\t\t\t\t\t<span class=\"elementor-button-content-wrapper\">\n\t\t\t\t\t\t\t\t\t<span class=\"elementor-button-text\">Reg\u00edstrese ahora<\/span>\n\t\t\t\t\t<\/span>\n\t\t\t\t\t<\/a>\n\t\t\t\t<\/div>\n\t\t\t\t\t\t\t\t<\/div>\n\t\t\t\t<\/div>\n\t\t\t\t<\/div>\n\t\t<div class=\"elementor-element elementor-element-37057db e-con-full e-flex e-con e-child\" data-id=\"37057db\" data-element_type=\"container\">\n\t\t\t\t<div class=\"elementor-element elementor-element-3cb03e8 elementor-widget elementor-widget-spacer\" data-id=\"3cb03e8\" data-element_type=\"widget\" data-widget_type=\"spacer.default\">\n\t\t\t\t<div class=\"elementor-widget-container\">\n\t\t\t\t\t\t\t<div class=\"elementor-spacer\">\n\t\t\t<div class=\"elementor-spacer-inner\"><\/div>\n\t\t<\/div>\n\t\t\t\t\t\t<\/div>\n\t\t\t\t<\/div>\n\t\t\t\t<div class=\"elementor-element elementor-element-16b8b63 elementor-widget elementor-widget-image\" data-id=\"16b8b63\" data-element_type=\"widget\" data-widget_type=\"image.default\">\n\t\t\t\t<div class=\"elementor-widget-container\">\n\t\t\t\t\t\t\t\t\t\t\t\t\t\t\t\t<a href=\"https:\/\/youtrading.com\/es\/academy\/new\">\n\t\t\t\t\t\t\t<img loading=\"lazy\" decoding=\"async\" width=\"42\" height=\"42\" src=\"https:\/\/youtrading.com\/es\/wp-content\/uploads\/2024\/07\/bt_wh.webp\" class=\"elementor-animation-grow attachment-full size-full wp-image-126\" alt=\"\" \/>\t\t\t\t\t\t\t\t<\/a>\n\t\t\t\t\t\t\t\t\t\t\t\t\t\t\t<\/div>\n\t\t\t\t<\/div>\n\t\t\t\t<\/div>\n\t\t\t\t\t<\/div>\n\t\t\t\t<\/div>\n\t\t\t\t\t<\/div>\n\t\t\t\t<\/div>\n\t\t<div class=\"elementor-element elementor-element-dd41c80 e-flex e-con-boxed e-con e-child\" data-id=\"dd41c80\" data-element_type=\"container\" data-settings=\"{&quot;background_background&quot;:&quot;classic&quot;}\">\n\t\t\t\t\t<div class=\"e-con-inner\">\n\t\t<div class=\"elementor-element elementor-element-745b651 e-flex e-con-boxed e-con e-child\" data-id=\"745b651\" data-element_type=\"container\">\n\t\t\t\t\t<div class=\"e-con-inner\">\n\t\t<div class=\"elementor-element elementor-element-202c3b1 e-con-full e-flex e-con e-child\" data-id=\"202c3b1\" data-element_type=\"container\">\n\t\t\t\t<div class=\"elementor-element elementor-element-67fee26 elementor-widget elementor-widget-image\" data-id=\"67fee26\" data-element_type=\"widget\" data-widget_type=\"image.default\">\n\t\t\t\t<div class=\"elementor-widget-container\">\n\t\t\t\t\t\t\t\t\t\t\t\t\t\t\t\t<a href=\"https:\/\/youtrading.com\/es\/academy\/simulador-de-trading-gratis\/\">\n\t\t\t\t\t\t\t<img loading=\"lazy\" decoding=\"async\" width=\"390\" height=\"92\" src=\"https:\/\/youtrading.com\/es\/wp-content\/uploads\/2024\/07\/simulador_logo.webp\" class=\"attachment-large size-large wp-image-142\" alt=\"\" srcset=\"https:\/\/youtrading.com\/es\/wp-content\/uploads\/2024\/07\/simulador_logo.webp 390w, https:\/\/youtrading.com\/es\/wp-content\/uploads\/2024\/07\/simulador_logo-300x71.webp 300w\" sizes=\"(max-width: 390px) 100vw, 390px\" \/>\t\t\t\t\t\t\t\t<\/a>\n\t\t\t\t\t\t\t\t\t\t\t\t\t\t\t<\/div>\n\t\t\t\t<\/div>\n\t\t\t\t<div class=\"elementor-element elementor-element-ff42137 elementor-widget elementor-widget-heading\" data-id=\"ff42137\" data-element_type=\"widget\" data-widget_type=\"heading.default\">\n\t\t\t\t<div class=\"elementor-widget-container\">\n\t\t\t\t\t<h2 class=\"elementor-heading-title elementor-size-default\"><a href=\"https:\/\/youtrading.com\/es\/academy\/simulador-de-trading-gratis\/\">100% GR\u00c1TIS<\/a><\/h2>\t\t\t\t<\/div>\n\t\t\t\t<\/div>\n\t\t\t\t<div class=\"elementor-element elementor-element-ae6eeec elementor-align-center elementor-mobile-align-justify elementor-widget elementor-widget-button\" data-id=\"ae6eeec\" data-element_type=\"widget\" data-widget_type=\"button.default\">\n\t\t\t\t<div class=\"elementor-widget-container\">\n\t\t\t\t\t\t\t\t\t<div class=\"elementor-button-wrapper\">\n\t\t\t\t\t<a class=\"elementor-button elementor-button-link elementor-size-sm elementor-animation-grow\" href=\"https:\/\/youtrading.com\/es\/academy\/simulador-de-trading-gratis\/\">\n\t\t\t\t\t\t<span class=\"elementor-button-content-wrapper\">\n\t\t\t\t\t\t\t\t\t<span class=\"elementor-button-text\">Descargar ahora<\/span>\n\t\t\t\t\t<\/span>\n\t\t\t\t\t<\/a>\n\t\t\t\t<\/div>\n\t\t\t\t\t\t\t\t<\/div>\n\t\t\t\t<\/div>\n\t\t\t\t<\/div>\n\t\t<div class=\"elementor-element elementor-element-71ca93d e-con-full e-flex e-con e-child\" data-id=\"71ca93d\" data-element_type=\"container\">\n\t\t\t\t<div class=\"elementor-element elementor-element-eecadc6 elementor-widget elementor-widget-spacer\" data-id=\"eecadc6\" data-element_type=\"widget\" data-widget_type=\"spacer.default\">\n\t\t\t\t<div class=\"elementor-widget-container\">\n\t\t\t\t\t\t\t<div class=\"elementor-spacer\">\n\t\t\t<div class=\"elementor-spacer-inner\"><\/div>\n\t\t<\/div>\n\t\t\t\t\t\t<\/div>\n\t\t\t\t<\/div>\n\t\t\t\t<div class=\"elementor-element elementor-element-6e5d3be elementor-hidden-mobile elementor-widget elementor-widget-image\" data-id=\"6e5d3be\" data-element_type=\"widget\" data-widget_type=\"image.default\">\n\t\t\t\t<div class=\"elementor-widget-container\">\n\t\t\t\t\t\t\t\t\t\t\t\t\t\t\t\t<a href=\"https:\/\/youtrading.com\/es\/academy\/simulador-de-trading-gratis\/\">\n\t\t\t\t\t\t\t<img loading=\"lazy\" decoding=\"async\" width=\"42\" height=\"42\" src=\"https:\/\/youtrading.com\/es\/wp-content\/uploads\/2024\/07\/bt_wh.webp\" class=\"elementor-animation-grow attachment-full size-full wp-image-126\" alt=\"\" \/>\t\t\t\t\t\t\t\t<\/a>\n\t\t\t\t\t\t\t\t\t\t\t\t\t\t\t<\/div>\n\t\t\t\t<\/div>\n\t\t\t\t<\/div>\n\t\t\t\t\t<\/div>\n\t\t\t\t<\/div>\n\t\t\t\t\t<\/div>\n\t\t\t\t<\/div>\n\t\t<div class=\"elementor-element elementor-element-d33e292 e-flex e-con-boxed e-con e-child\" data-id=\"d33e292\" data-element_type=\"container\" data-settings=\"{&quot;background_background&quot;:&quot;classic&quot;}\">\n\t\t\t\t\t<div class=\"e-con-inner\">\n\t\t<div class=\"elementor-element elementor-element-b2b66aa e-flex e-con-boxed e-con e-child\" data-id=\"b2b66aa\" data-element_type=\"container\">\n\t\t\t\t\t<div class=\"e-con-inner\">\n\t\t<div class=\"elementor-element elementor-element-f37d1f2 e-con-full e-flex e-con e-child\" data-id=\"f37d1f2\" data-element_type=\"container\">\n\t\t\t\t<div class=\"elementor-element elementor-element-95a0d9a elementor-widget elementor-widget-image\" data-id=\"95a0d9a\" data-element_type=\"widget\" data-widget_type=\"image.default\">\n\t\t\t\t<div class=\"elementor-widget-container\">\n\t\t\t\t\t\t\t\t\t\t\t\t\t\t\t\t<a href=\"https:\/\/youtrading.com\/es\/podcast-new\/\">\n\t\t\t\t\t\t\t<img loading=\"lazy\" decoding=\"async\" width=\"229\" height=\"66\" src=\"https:\/\/youtrading.com\/es\/wp-content\/uploads\/2024\/07\/laesquina_logo.webp\" class=\"attachment-full size-full wp-image-149\" alt=\"\" \/>\t\t\t\t\t\t\t\t<\/a>\n\t\t\t\t\t\t\t\t\t\t\t\t\t\t\t<\/div>\n\t\t\t\t<\/div>\n\t\t\t\t<div class=\"elementor-element elementor-element-901affe elementor-widget elementor-widget-heading\" data-id=\"901affe\" data-element_type=\"widget\" data-widget_type=\"heading.default\">\n\t\t\t\t<div class=\"elementor-widget-container\">\n\t\t\t\t\t<h2 class=\"elementor-heading-title elementor-size-default\"><a href=\"https:\/\/youtrading.com\/es\/podcast-new\/\">Escucha ahora el \u00faltimo\nepisodio del Podcast\n\"La Esquina del Trader\"<\/a><\/h2>\t\t\t\t<\/div>\n\t\t\t\t<\/div>\n\t\t\t\t<\/div>\n\t\t<div class=\"elementor-element elementor-element-67c35e7 e-con-full e-flex e-con e-child\" data-id=\"67c35e7\" data-element_type=\"container\">\n\t\t\t\t<div class=\"elementor-element elementor-element-7ff5d20 elementor-widget elementor-widget-spacer\" data-id=\"7ff5d20\" data-element_type=\"widget\" data-widget_type=\"spacer.default\">\n\t\t\t\t<div class=\"elementor-widget-container\">\n\t\t\t\t\t\t\t<div class=\"elementor-spacer\">\n\t\t\t<div class=\"elementor-spacer-inner\"><\/div>\n\t\t<\/div>\n\t\t\t\t\t\t<\/div>\n\t\t\t\t<\/div>\n\t\t\t\t<div class=\"elementor-element elementor-element-d078f79 elementor-widget elementor-widget-image\" data-id=\"d078f79\" data-element_type=\"widget\" data-widget_type=\"image.default\">\n\t\t\t\t<div class=\"elementor-widget-container\">\n\t\t\t\t\t\t\t\t\t\t\t\t\t\t\t\t<a href=\"https:\/\/youtrading.com\/es\/podcast-new\/\">\n\t\t\t\t\t\t\t<img loading=\"lazy\" decoding=\"async\" width=\"42\" height=\"42\" src=\"https:\/\/youtrading.com\/es\/wp-content\/uploads\/2024\/07\/bt_wh.webp\" class=\"elementor-animation-grow attachment-full size-full wp-image-126\" alt=\"\" \/>\t\t\t\t\t\t\t\t<\/a>\n\t\t\t\t\t\t\t\t\t\t\t\t\t\t\t<\/div>\n\t\t\t\t<\/div>\n\t\t\t\t<\/div>\n\t\t\t\t\t<\/div>\n\t\t\t\t<\/div>\n\t\t\t\t\t<\/div>\n\t\t\t\t<\/div>\n\t\t\t\t\t<\/div>\n\t\t\t\t<\/div>\n\t\t<div class=\"elementor-element elementor-element-03e9c03 e-flex e-con-boxed e-con e-parent\" data-id=\"03e9c03\" data-element_type=\"container\">\n\t\t\t\t\t<div class=\"e-con-inner\">\n\t\t<div class=\"elementor-element elementor-element-b9aabee e-con-full e-flex e-con e-child\" data-id=\"b9aabee\" data-element_type=\"container\">\n\t\t\t\t<\/div>\n\t\t<div class=\"elementor-element elementor-element-a483423 e-con-full e-flex e-con e-child\" data-id=\"a483423\" data-element_type=\"container\">\n\t\t\t\t<\/div>\n\t\t\t\t\t<\/div>\n\t\t\t\t<\/div>\n\t\t<div class=\"elementor-element elementor-element-cf542da e-flex e-con-boxed e-con e-parent\" data-id=\"cf542da\" data-element_type=\"container\" data-settings=\"{&quot;background_background&quot;:&quot;classic&quot;}\">\n\t\t\t\t\t<div class=\"e-con-inner\">\n\t\t\t\t\t<\/div>\n\t\t\t\t<\/div>\n\t\t\t\t<\/div>\n\t\t","protected":false},"excerpt":{"rendered":"<p>Instagram Facebook Youtube Telegram Not\u00edcias \u00a1Un portal completo para la formaci\u00f3n de Traders! Acesse ahora -> Domina el Mercad Financiero Internacional Accede a Estrategias de Traders Profesionales y un Simulador de Trading Gratuito en un Curso Completo. Reg\u00edstrese ahora 100% GR\u00c1TIS Descargar ahora Escucha ahora el \u00faltimo episodio del Podcast &#8220;La Esquina del Trader&#8221;<\/p>\n","protected":false},"author":1,"featured_media":0,"parent":0,"menu_order":0,"comment_status":"closed","ping_status":"closed","template":"elementor_canvas","meta":{"footnotes":""},"class_list":["post-108","page","type-page","status-publish","hentry"],"_links":{"self":[{"href":"https:\/\/youtrading.com\/es\/wp-json\/wp\/v2\/pages\/108","targetHints":{"allow":["GET"]}}],"collection":[{"href":"https:\/\/youtrading.com\/es\/wp-json\/wp\/v2\/pages"}],"about":[{"href":"https:\/\/youtrading.com\/es\/wp-json\/wp\/v2\/types\/page"}],"author":[{"embeddable":true,"href":"https:\/\/youtrading.com\/es\/wp-json\/wp\/v2\/users\/1"}],"replies":[{"embeddable":true,"href":"https:\/\/youtrading.com\/es\/wp-json\/wp\/v2\/comments?post=108"}],"version-history":[{"count":67,"href":"https:\/\/youtrading.com\/es\/wp-json\/wp\/v2\/pages\/108\/revisions"}],"predecessor-version":[{"id":18421,"href":"https:\/\/youtrading.com\/es\/wp-json\/wp\/v2\/pages\/108\/revisions\/18421"}],"wp:attachment":[{"href":"https:\/\/youtrading.com\/es\/wp-json\/wp\/v2\/media?parent=108"}],"curies":[{"name":"wp","href":"https:\/\/api.w.org\/{rel}","templated":true}]}}