{"id":161,"date":"2020-09-14T05:14:38","date_gmt":"2020-09-14T04:14:38","guid":{"rendered":"https:\/\/youtrading.com\/es\/academy\/?page_id=161"},"modified":"2022-01-22T10:28:58","modified_gmt":"2022-01-22T10:28:58","slug":"login","status":"publish","type":"page","link":"https:\/\/youtrading.com\/es\/academy\/login\/","title":{"rendered":"Iniciar Sesi\u00f3n"},"content":{"rendered":"\t\t<div data-elementor-type=\"wp-page\" data-elementor-id=\"161\" class=\"elementor elementor-161\" data-elementor-post-type=\"page\">\n\t\t\t\t\t\t\t\t\t<section class=\"elementor-section elementor-top-section elementor-element elementor-element-a9d5dff elementor-section-height-full elementor-section-boxed elementor-section-height-default elementor-section-items-middle\" data-id=\"a9d5dff\" data-element_type=\"section\" data-settings=\"{&quot;background_background&quot;:&quot;classic&quot;}\">\n\t\t\t\t\t\t<div class=\"elementor-container elementor-column-gap-wide\">\n\t\t\t\t\t<div class=\"elementor-column elementor-col-100 elementor-top-column elementor-element elementor-element-4ada9ea\" data-id=\"4ada9ea\" data-element_type=\"column\">\n\t\t\t<div class=\"elementor-widget-wrap elementor-element-populated\">\n\t\t\t\t\t\t\t\t<div class=\"elementor-element elementor-element-7b74357 elementor-widget elementor-widget-image\" data-id=\"7b74357\" data-element_type=\"widget\" data-widget_type=\"image.default\">\n\t\t\t\t<div class=\"elementor-widget-container\">\n\t\t\t\t\t\t\t\t\t\t\t\t\t\t\t<img decoding=\"async\" loading=\"lazy\" width=\"800\" height=\"97\" src=\"https:\/\/youtrading.com\/es\/academy\/wp-content\/uploads\/2021\/01\/logo-academy-min.png\" class=\"attachment-large size-large wp-image-1187\" alt=\"\" srcset=\"https:\/\/youtrading.com\/es\/academy\/wp-content\/uploads\/2021\/01\/logo-academy-min.png 954w, https:\/\/youtrading.com\/es\/academy\/wp-content\/uploads\/2021\/01\/logo-academy-min-300x36.png 300w, https:\/\/youtrading.com\/es\/academy\/wp-content\/uploads\/2021\/01\/logo-academy-min-768x93.png 768w\" sizes=\"(max-width: 800px) 100vw, 800px\" \/>\t\t\t\t\t\t\t\t\t\t\t\t\t\t\t<\/div>\n\t\t\t\t<\/div>\n\t\t\t\t<section class=\"elementor-section elementor-inner-section elementor-element elementor-element-680e411 elementor-section-boxed elementor-section-height-default elementor-section-height-default\" data-id=\"680e411\" data-element_type=\"section\">\n\t\t\t\t\t\t<div class=\"elementor-container elementor-column-gap-default\">\n\t\t\t\t\t<div class=\"elementor-column elementor-col-50 elementor-inner-column elementor-element elementor-element-f1ecfb5\" data-id=\"f1ecfb5\" data-element_type=\"column\">\n\t\t\t<div class=\"elementor-widget-wrap elementor-element-populated\">\n\t\t\t\t\t\t\t\t<div class=\"elementor-element elementor-element-de1602b elementor-widget elementor-widget-heading\" data-id=\"de1602b\" data-element_type=\"widget\" data-widget_type=\"heading.default\">\n\t\t\t\t<div class=\"elementor-widget-container\">\n\t\t\t<h2 class=\"elementor-heading-title elementor-size-default\">Bienvenido a la<br><b>YouTrading Academy<\/b><\/h2>\t\t<\/div>\n\t\t\t\t<\/div>\n\t\t\t\t<div class=\"elementor-element elementor-element-7e61b2f elementor-widget elementor-widget-bdt-advanced-divider\" data-id=\"7e61b2f\" data-element_type=\"widget\" data-widget_type=\"bdt-advanced-divider.default\">\n\t\t\t\t<div class=\"elementor-widget-container\">\n\t\t\t\t\t<div class=\"bdt-ep-advanced-divider\" data-settings=\"[]\">\n\n\t\t\t\t\t\t\t<img decoding=\"async\" src=\"https:\/\/youtrading.com\/es\/academy\/wp-content\/plugins\/bdthemes-element-pack\/assets\/images\/divider\/line.svg\" alt=\"advanced divider\" class=\"ep_square\">\n\t\t\t\n\t\t<\/div>\n\n\t\t<\/div>\n\t\t\t\t<\/div>\n\t\t\t\t<div class=\"elementor-element elementor-element-8a5eace elementor-widget elementor-widget-heading\" data-id=\"8a5eace\" data-element_type=\"widget\" data-widget_type=\"heading.default\">\n\t\t\t\t<div class=\"elementor-widget-container\">\n\t\t\t<h2 class=\"elementor-heading-title elementor-size-default\">Inicie sesi\u00f3n con sus datos de acceso. Si no los recuerda, consulte su bandeja de entrada para nuestro correo electr\u00f3nico de bienvenida o <a href=\"https:\/\/youtrading.com\/es\/academy\/recover-password\/\" target=\"_blank\">restablezca su contrase\u00f1a<\/a><\/h2>\t\t<\/div>\n\t\t\t\t<\/div>\n\t\t\t\t<div class=\"elementor-element elementor-element-c42083b elementor-widget elementor-widget-heading\" data-id=\"c42083b\" data-element_type=\"widget\" data-widget_type=\"heading.default\">\n\t\t\t\t<div class=\"elementor-widget-container\">\n\t\t\t<h2 class=\"elementor-heading-title elementor-size-default\">Si tiene alg\u00fan problema de acceso, p\u00f3ngase en contacto con nuestro equipo de soporte en  <a href=\"mailto: contact-es@youtrading.com \" target=\"_blank\"> contact-es@youtrading.com  <\/a><\/h2>\t\t<\/div>\n\t\t\t\t<\/div>\n\t\t\t\t\t<\/div>\n\t\t<\/div>\n\t\t\t\t<div class=\"elementor-column elementor-col-50 elementor-inner-column elementor-element elementor-element-30e1da2\" data-id=\"30e1da2\" data-element_type=\"column\" data-settings=\"{&quot;background_background&quot;:&quot;classic&quot;}\">\n\t\t\t<div class=\"elementor-widget-wrap elementor-element-populated\">\n\t\t\t\t\t\t\t\t<div class=\"elementor-element elementor-element-af50b72 elementor-widget elementor-widget-shortcode\" data-id=\"af50b72\" data-element_type=\"widget\" data-widget_type=\"shortcode.default\">\n\t\t\t\t<div class=\"elementor-widget-container\">\n\t\t\t\t\t<div class=\"elementor-shortcode\"><div class=\"wpforms-container wpforms-container-full\" id=\"wpforms-1822\"><form id=\"wpforms-form-1822\" class=\"wpforms-validate wpforms-form\" data-formid=\"1822\" method=\"post\" enctype=\"multipart\/form-data\" action=\"\/es\/academy\/wp-json\/wp\/v2\/pages\/161\" data-token=\"2af39f1c016e9468b30ae1b063f1f9be\"><noscript class=\"wpforms-error-noscript\">Por favor, activa JavaScript en tu navegador para completar este formulario.<\/noscript><div class=\"wpforms-field-container\"><div id=\"wpforms-1822-field_0-container\" class=\"wpforms-field wpforms-field-text\" data-field-id=\"0\"><label class=\"wpforms-field-label\" for=\"wpforms-1822-field_0\">Correo electr\u00f3nico <span class=\"wpforms-required-label\">*<\/span><\/label><input type=\"text\" id=\"wpforms-1822-field_0\" class=\"wpforms-field-large wpforms-field-required\" name=\"wpforms[fields][0]\" required><\/div><div id=\"wpforms-1822-field_1-container\" class=\"wpforms-field wpforms-field-password\" data-field-id=\"1\"><label class=\"wpforms-field-label\" for=\"wpforms-1822-field_1\">Contrase\u00f1a <span class=\"wpforms-required-label\">*<\/span><\/label><input type=\"password\" id=\"wpforms-1822-field_1\" class=\"wpforms-field-large wpforms-field-required\" name=\"wpforms[fields][1]\" spellcheck=\"false\" required><div class=\"wpforms-field-description\">\u00bfOlvidaste tu contrase\u00f1a?  <a href=\"https:\/\/youtrading.com\/es\/academy\/recover-password\/\">Haga clic aqu\u00ed<\/a> para restablecerlo \r\n<\/div><\/div><\/div><!-- .wpforms-field-container --><div class=\"wpforms-submit-container\" ><input type=\"hidden\" name=\"wpforms[id]\" value=\"1822\"><input type=\"hidden\" name=\"wpforms[author]\" value=\"1\"><button type=\"submit\" name=\"wpforms[submit]\" id=\"wpforms-submit-1822\" class=\"wpforms-submit\" data-alt-text=\"Espere por favor...\" data-submit-text=\"Iniciar sesi\u00f3n\" aria-live=\"assertive\" value=\"wpforms-submit\">Iniciar sesi\u00f3n<\/button><\/div><\/form><\/div>  <!-- .wpforms-container -->\t<\/div>\n\t\t\t\t<\/div>\n\t\t\t\t<\/div>\n\t\t\t\t\t<\/div>\n\t\t<\/div>\n\t\t\t\t\t\t\t<\/div>\n\t\t<\/section>\n\t\t\t\t<div class=\"elementor-element elementor-element-e52c71f elementor-widget elementor-widget-bdt-advanced-divider\" data-id=\"e52c71f\" data-element_type=\"widget\" data-widget_type=\"bdt-advanced-divider.default\">\n\t\t\t\t<div class=\"elementor-widget-container\">\n\t\t\t\t\t<div class=\"bdt-ep-advanced-divider\" data-settings=\"[]\">\n\n\t\t\t\t\t\t\t<img decoding=\"async\" src=\"https:\/\/youtrading.com\/es\/academy\/wp-content\/plugins\/bdthemes-element-pack\/assets\/images\/divider\/line.svg\" alt=\"advanced divider\" class=\"ep_square\">\n\t\t\t\n\t\t<\/div>\n\n\t\t<\/div>\n\t\t\t\t<\/div>\n\t\t\t\t<section class=\"elementor-section elementor-inner-section elementor-element elementor-element-88775c0 elementor-section-boxed elementor-section-height-default elementor-section-height-default\" data-id=\"88775c0\" data-element_type=\"section\">\n\t\t\t\t\t\t<div class=\"elementor-container elementor-column-gap-default\">\n\t\t\t\t\t<div class=\"elementor-column elementor-col-33 elementor-inner-column elementor-element elementor-element-506d32e\" data-id=\"506d32e\" data-element_type=\"column\">\n\t\t\t<div class=\"elementor-widget-wrap\">\n\t\t\t\t\t\t\t\t\t<\/div>\n\t\t<\/div>\n\t\t\t\t<div class=\"elementor-column elementor-col-33 elementor-inner-column elementor-element elementor-element-a693561\" data-id=\"a693561\" data-element_type=\"column\">\n\t\t\t<div class=\"elementor-widget-wrap elementor-element-populated\">\n\t\t\t\t\t\t\t\t<div class=\"elementor-element elementor-element-b628b37 elementor-widget elementor-widget-heading\" data-id=\"b628b37\" data-element_type=\"widget\" data-widget_type=\"heading.default\">\n\t\t\t\t<div class=\"elementor-widget-container\">\n\t\t\t<h2 class=\"elementor-heading-title elementor-size-default\">\u00bfA\u00fan no te registraste para el acceso al curso?<\/h2>\t\t<\/div>\n\t\t\t\t<\/div>\n\t\t\t\t<div class=\"elementor-element elementor-element-db0bcc6 elementor-widget elementor-widget-heading\" data-id=\"db0bcc6\" data-element_type=\"widget\" data-widget_type=\"heading.default\">\n\t\t\t\t<div class=\"elementor-widget-container\">\n\t\t\t<h2 class=\"elementor-heading-title elementor-size-default\">No pierda tiempo, haga clic en el bot\u00f3n de abajo para garantizar su acceso a nuestro curso exclusivo! <mark> (100% GRATIS Y 100% EN L\u00cdNEA) <\/mark><\/h2>\t\t<\/div>\n\t\t\t\t<\/div>\n\t\t\t\t<div class=\"elementor-element elementor-element-c2e0c76 elementor-widget elementor-widget-spacer\" data-id=\"c2e0c76\" data-element_type=\"widget\" data-widget_type=\"spacer.default\">\n\t\t\t\t<div class=\"elementor-widget-container\">\n\t\t\t\t\t<div class=\"elementor-spacer\">\n\t\t\t<div class=\"elementor-spacer-inner\"><\/div>\n\t\t<\/div>\n\t\t\t\t<\/div>\n\t\t\t\t<\/div>\n\t\t\t\t<div class=\"elementor-element elementor-element-fd492ca elementor-align-center btn-register elementor-widget elementor-widget-bdt-advanced-button\" data-id=\"fd492ca\" data-element_type=\"widget\" data-widget_type=\"bdt-advanced-button.default\">\n\t\t\t\t<div class=\"elementor-widget-container\">\n\t\t\t\t\t<div class=\"bdt-ep-button-wrapper\">\n\t\t\t<a href=\"#\" class=\"bdt-ep-button bdt-ep-button-effect-a bdt-ep-button-size-md\">\n\t\t\t\t\t\t<div class=\"bdt-ep-button-content-wrapper bdt-flex bdt-flex-middle bdt-flex-center  \" data-text=\"QUIERO INSCRIBIRME AHORA\">\n\t\t\t\n\t\t\t<div class=\"bdt-ep-button-text\">\n\n                <span class=\"avdbtn-text\">QUIERO INSCRIBIRME AHORA<\/span>\n\n\t\t\t\t            <\/div>\n\n\t\t\t\n\t\t<\/div>\n\t\t\t\t\t<\/a>\n\t\t<\/div>\n\t\t\t\t<\/div>\n\t\t\t\t<\/div>\n\t\t\t\t\t<\/div>\n\t\t<\/div>\n\t\t\t\t<div class=\"elementor-column elementor-col-33 elementor-inner-column elementor-element elementor-element-608d7f7\" data-id=\"608d7f7\" data-element_type=\"column\">\n\t\t\t<div class=\"elementor-widget-wrap\">\n\t\t\t\t\t\t\t\t\t<\/div>\n\t\t<\/div>\n\t\t\t\t\t\t\t<\/div>\n\t\t<\/section>\n\t\t\t\t\t<\/div>\n\t\t<\/div>\n\t\t\t\t\t\t\t<\/div>\n\t\t<\/section>\n\t\t\t\t\t\t\t<\/div>\n\t\t","protected":false},"excerpt":{"rendered":"<p>Bienvenido a laYouTrading Academy Inicie sesi\u00f3n con sus datos de acceso. Si no los recuerda, consulte su bandeja de entrada para nuestro correo electr\u00f3nico de bienvenida o restablezca su contrase\u00f1a Si tiene alg\u00fan problema de acceso, p\u00f3ngase en contacto con nuestro equipo de soporte en contact-es@youtrading.com \u00bfA\u00fan no te registraste para el acceso al curso? [&hellip;]<\/p>\n","protected":false},"author":1,"featured_media":0,"parent":0,"menu_order":0,"comment_status":"closed","ping_status":"closed","template":"elementor_canvas","meta":{"footnotes":""},"_links":{"self":[{"href":"https:\/\/youtrading.com\/es\/academy\/wp-json\/wp\/v2\/pages\/161"}],"collection":[{"href":"https:\/\/youtrading.com\/es\/academy\/wp-json\/wp\/v2\/pages"}],"about":[{"href":"https:\/\/youtrading.com\/es\/academy\/wp-json\/wp\/v2\/types\/page"}],"author":[{"embeddable":true,"href":"https:\/\/youtrading.com\/es\/academy\/wp-json\/wp\/v2\/users\/1"}],"replies":[{"embeddable":true,"href":"https:\/\/youtrading.com\/es\/academy\/wp-json\/wp\/v2\/comments?post=161"}],"version-history":[{"count":0,"href":"https:\/\/youtrading.com\/es\/academy\/wp-json\/wp\/v2\/pages\/161\/revisions"}],"wp:attachment":[{"href":"https:\/\/youtrading.com\/es\/academy\/wp-json\/wp\/v2\/media?parent=161"}],"curies":[{"name":"wp","href":"https:\/\/api.w.org\/{rel}","templated":true}]}}